{"id":74416,"date":"2025-10-14T13:16:34","date_gmt":"2025-10-14T13:16:34","guid":{"rendered":"https:\/\/www.multifrigo.pl\/sklep\/produkt\/opiekacz-elektryczny-61x33x28cm-yato-yg-04650\/"},"modified":"2025-10-15T08:44:32","modified_gmt":"2025-10-15T08:44:32","slug":"opiekacz-elektryczny-61x33x28cm-yato-yg-04650","status":"publish","type":"product","link":"https:\/\/www.multifrigo.pl\/sklep\/produkt\/opiekacz-elektryczny-61x33x28cm-yato-yg-04650\/","title":{"rendered":"OPIEKACZ ELEKTRYCZNY 61X33X28CM | Yato YG-04650"},"content":{"rendered":"<p>Opiekacz elektryczny do przygotowywania zapiekanek, grzanek, tost\u00f3w. Sprawdza si\u0119 r\u00f3wnie\u017c do grillowania i podgrzewania potraw. Wysoka moc\u00a02500 W zapewnia r\u00f3wnomierne opiekanie.<\/p>\n<ul>\n<li>korpus wykonany z wysokiej jako\u015bci stali nierdzewnej SS201<\/li>\n<li>regulacja temperatury roboczej w zakresie 50-300\u02daC<\/li>\n<li>timer: 0-30 min<\/li>\n<li>regulowana pozycja rusztu na 3 poziomach\u00a0<\/li>\n<li>element grzewczy ze stali nierdzewnej\u00a0<\/li>\n<li>stopie\u0144 ochrony:\u00a0IPX3<\/li>\n<li>klasa izolacji elektrycznej: I<\/li>\n<li>lampka kontrolna<\/li>\n<li>tacka na okruchy<\/li>\n<li>wymiary: 610 x 330 x 280 mm<\/li>\n<li>waga: 11, 6 kg<\/li>\n<\/ul>\n","protected":false},"excerpt":{"rendered":"<p>Opiekacz elektryczny do przygotowywania zapiekanek, grzanek, tost\u00f3w. Sprawdza si\u0119 r\u00f3wnie\u017c do grillowania i podgrzewania potraw. Wysoka moc\u00a02500 W zapewnia r\u00f3wnomierne opiekanie. korpus wykonany z wysokiej jako\u015bci stali nierdzewnej SS201 regulacja temperatury roboczej w zakresie 50-300\u02daC timer: 0-30 min regulowana pozycja rusztu na 3 poziomach\u00a0 element grzewczy ze stali nierdzewnej\u00a0 stopie\u0144 ochrony:\u00a0IPX3 klasa izolacji elektrycznej: I [&hellip;]<\/p>\n","protected":false},"featured_media":74437,"template":"","meta":{"_et_pb_use_builder":"","_et_pb_old_content":"","_et_gb_content_width":""},"pwb-brand":[658],"product_brand":[],"product_cat":[457],"product_tag":[],"class_list":{"0":"post-74416","1":"product","2":"type-product","3":"status-publish","4":"has-post-thumbnail","6":"pwb-brand-yato","7":"product_cat-opiekacze","9":"first","10":"instock","11":"taxable","12":"shipping-taxable","13":"purchasable","14":"product-type-simple"},"brands":[{"id":658,"name":"Yato","slug":"yato"}],"_links":{"self":[{"href":"https:\/\/www.multifrigo.pl\/sklep\/wp-json\/wp\/v2\/product\/74416","targetHints":{"allow":["GET"]}}],"collection":[{"href":"https:\/\/www.multifrigo.pl\/sklep\/wp-json\/wp\/v2\/product"}],"about":[{"href":"https:\/\/www.multifrigo.pl\/sklep\/wp-json\/wp\/v2\/types\/product"}],"wp:featuredmedia":[{"embeddable":true,"href":"https:\/\/www.multifrigo.pl\/sklep\/wp-json\/wp\/v2\/media\/74437"}],"wp:attachment":[{"href":"https:\/\/www.multifrigo.pl\/sklep\/wp-json\/wp\/v2\/media?parent=74416"}],"wp:term":[{"taxonomy":"pwb-brand","embeddable":true,"href":"https:\/\/www.multifrigo.pl\/sklep\/wp-json\/wp\/v2\/pwb-brand?post=74416"},{"taxonomy":"product_brand","embeddable":true,"href":"https:\/\/www.multifrigo.pl\/sklep\/wp-json\/wp\/v2\/product_brand?post=74416"},{"taxonomy":"product_cat","embeddable":true,"href":"https:\/\/www.multifrigo.pl\/sklep\/wp-json\/wp\/v2\/product_cat?post=74416"},{"taxonomy":"product_tag","embeddable":true,"href":"https:\/\/www.multifrigo.pl\/sklep\/wp-json\/wp\/v2\/product_tag?post=74416"}],"curies":[{"name":"wp","href":"https:\/\/api.w.org\/{rel}","templated":true}]}}