{"id":74418,"date":"2025-10-14T13:17:43","date_gmt":"2025-10-14T13:17:43","guid":{"rendered":"https:\/\/www.multifrigo.pl\/sklep\/produkt\/opiekacz-elektryczny-58x40x38cm-yato-yg-04651\/"},"modified":"2025-10-15T08:45:37","modified_gmt":"2025-10-15T08:45:37","slug":"opiekacz-elektryczny-58x40x38cm-yato-yg-04651","status":"publish","type":"product","link":"https:\/\/www.multifrigo.pl\/sklep\/produkt\/opiekacz-elektryczny-58x40x38cm-yato-yg-04651\/","title":{"rendered":"OPIEKACZ ELEKTRYCZNY 58X40X38CM | Yato YG-04651"},"content":{"rendered":"<p>Opiekacz elektryczny do przygotowywania zapiekanek, grzanek, tost\u00f3w. Sprawdza si\u0119 r\u00f3wnie\u017c do grillowania i podgrzewania potraw. Wysoka moc\u00a03000 W zapewnia r\u00f3wnomierne opiekanie.<\/p>\n<ul>\n<li>korpus wykonany z wysokiej jako\u015bci stali nierdzewnej SS201<\/li>\n<li>regulacja temperatury roboczej w zakresie 50-300\u02daC<\/li>\n<li>timer: 0-30 min<\/li>\n<li>regulowana\u00a0pozycja rusztu na 4 poziomach<\/li>\n<li>element grzewczy ze stali nierdzewnej\u00a0<\/li>\n<li>stopie\u0144 ochrony:\u00a0IPX3<\/li>\n<li>klasa izolacji elektrycznej: I<\/li>\n<li>lampka kontrolna<\/li>\n<li>tacka na okruchy<\/li>\n<li>wymiary: 580 x 400 x 380 mm<\/li>\n<li>waga: 14,7 kg<\/li>\n<\/ul>\n","protected":false},"excerpt":{"rendered":"<p>Opiekacz elektryczny do przygotowywania zapiekanek, grzanek, tost\u00f3w. Sprawdza si\u0119 r\u00f3wnie\u017c do grillowania i podgrzewania potraw. Wysoka moc\u00a03000 W zapewnia r\u00f3wnomierne opiekanie. korpus wykonany z wysokiej jako\u015bci stali nierdzewnej SS201 regulacja temperatury roboczej w zakresie 50-300\u02daC timer: 0-30 min regulowana\u00a0pozycja rusztu na 4 poziomach element grzewczy ze stali nierdzewnej\u00a0 stopie\u0144 ochrony:\u00a0IPX3 klasa izolacji elektrycznej: I lampka [&hellip;]<\/p>\n","protected":false},"featured_media":74444,"template":"","meta":{"_et_pb_use_builder":"","_et_pb_old_content":"","_et_gb_content_width":""},"pwb-brand":[658],"product_brand":[],"product_cat":[457],"product_tag":[],"class_list":{"0":"post-74418","1":"product","2":"type-product","3":"status-publish","4":"has-post-thumbnail","6":"pwb-brand-yato","7":"product_cat-opiekacze","9":"first","10":"instock","11":"taxable","12":"shipping-taxable","13":"purchasable","14":"product-type-simple"},"brands":[{"id":658,"name":"Yato","slug":"yato"}],"_links":{"self":[{"href":"https:\/\/www.multifrigo.pl\/sklep\/wp-json\/wp\/v2\/product\/74418","targetHints":{"allow":["GET"]}}],"collection":[{"href":"https:\/\/www.multifrigo.pl\/sklep\/wp-json\/wp\/v2\/product"}],"about":[{"href":"https:\/\/www.multifrigo.pl\/sklep\/wp-json\/wp\/v2\/types\/product"}],"wp:featuredmedia":[{"embeddable":true,"href":"https:\/\/www.multifrigo.pl\/sklep\/wp-json\/wp\/v2\/media\/74444"}],"wp:attachment":[{"href":"https:\/\/www.multifrigo.pl\/sklep\/wp-json\/wp\/v2\/media?parent=74418"}],"wp:term":[{"taxonomy":"pwb-brand","embeddable":true,"href":"https:\/\/www.multifrigo.pl\/sklep\/wp-json\/wp\/v2\/pwb-brand?post=74418"},{"taxonomy":"product_brand","embeddable":true,"href":"https:\/\/www.multifrigo.pl\/sklep\/wp-json\/wp\/v2\/product_brand?post=74418"},{"taxonomy":"product_cat","embeddable":true,"href":"https:\/\/www.multifrigo.pl\/sklep\/wp-json\/wp\/v2\/product_cat?post=74418"},{"taxonomy":"product_tag","embeddable":true,"href":"https:\/\/www.multifrigo.pl\/sklep\/wp-json\/wp\/v2\/product_tag?post=74418"}],"curies":[{"name":"wp","href":"https:\/\/api.w.org\/{rel}","templated":true}]}}