{"id":74420,"date":"2025-10-14T13:17:51","date_gmt":"2025-10-14T13:17:51","guid":{"rendered":"https:\/\/www.multifrigo.pl\/sklep\/produkt\/opiekacz-kwarcowy-49x30x33cm-yato-yg-04660\/"},"modified":"2025-10-15T08:46:31","modified_gmt":"2025-10-15T08:46:31","slug":"opiekacz-kwarcowy-49x30x33cm-yato-yg-04660","status":"publish","type":"product","link":"https:\/\/www.multifrigo.pl\/sklep\/produkt\/opiekacz-kwarcowy-49x30x33cm-yato-yg-04660\/","title":{"rendered":"OPIEKACZ KWARCOWY 49X30X33CM | Yato YG-04660"},"content":{"rendered":"<p>Opiekacz kwarcowy do przygotowywania zapiekanek, grzanek, tost\u00f3w. Sprawdza si\u0119 r\u00f3wnie\u017c do grillowania i podgrzewania potraw. Wysoka moc\u00a03000 W zapewnia r\u00f3wnomierne opiekanie.<\/p>\n<ul>\n<li>obudowa i ruszt wykonane z wysokiej jako\u015bci stali nierdzewnej SS201<\/li>\n<li>element grzewczy: lampa kwarcowa VF8<\/li>\n<li>indywidualna regulacja temperatury roboczej\u00a0<\/li>\n<li>timer: 0-30 min<\/li>\n<li>regulowana\u00a0pozycja rusztu<\/li>\n<li>stopie\u0144 ochrony:\u00a0IPX3<\/li>\n<li>klasa izolacji elektrycznej: I<\/li>\n<li>lampka kontrolna<\/li>\n<li>tacka na okruchy<\/li>\n<li>wymiary: 490 x 300 x 330 mm<\/li>\n<li>waga: 8,5 kg<\/li>\n<\/ul>\n","protected":false},"excerpt":{"rendered":"<p>Opiekacz kwarcowy do przygotowywania zapiekanek, grzanek, tost\u00f3w. Sprawdza si\u0119 r\u00f3wnie\u017c do grillowania i podgrzewania potraw. Wysoka moc\u00a03000 W zapewnia r\u00f3wnomierne opiekanie. obudowa i ruszt wykonane z wysokiej jako\u015bci stali nierdzewnej SS201 element grzewczy: lampa kwarcowa VF8 indywidualna regulacja temperatury roboczej\u00a0 timer: 0-30 min regulowana\u00a0pozycja rusztu stopie\u0144 ochrony:\u00a0IPX3 klasa izolacji elektrycznej: I lampka kontrolna tacka na [&hellip;]<\/p>\n","protected":false},"featured_media":74452,"template":"","meta":{"_et_pb_use_builder":"","_et_pb_old_content":"","_et_gb_content_width":""},"pwb-brand":[658],"product_brand":[],"product_cat":[457],"product_tag":[],"class_list":{"0":"post-74420","1":"product","2":"type-product","3":"status-publish","4":"has-post-thumbnail","6":"pwb-brand-yato","7":"product_cat-opiekacze","9":"first","10":"instock","11":"taxable","12":"shipping-taxable","13":"purchasable","14":"product-type-simple"},"brands":[{"id":658,"name":"Yato","slug":"yato"}],"_links":{"self":[{"href":"https:\/\/www.multifrigo.pl\/sklep\/wp-json\/wp\/v2\/product\/74420","targetHints":{"allow":["GET"]}}],"collection":[{"href":"https:\/\/www.multifrigo.pl\/sklep\/wp-json\/wp\/v2\/product"}],"about":[{"href":"https:\/\/www.multifrigo.pl\/sklep\/wp-json\/wp\/v2\/types\/product"}],"wp:featuredmedia":[{"embeddable":true,"href":"https:\/\/www.multifrigo.pl\/sklep\/wp-json\/wp\/v2\/media\/74452"}],"wp:attachment":[{"href":"https:\/\/www.multifrigo.pl\/sklep\/wp-json\/wp\/v2\/media?parent=74420"}],"wp:term":[{"taxonomy":"pwb-brand","embeddable":true,"href":"https:\/\/www.multifrigo.pl\/sklep\/wp-json\/wp\/v2\/pwb-brand?post=74420"},{"taxonomy":"product_brand","embeddable":true,"href":"https:\/\/www.multifrigo.pl\/sklep\/wp-json\/wp\/v2\/product_brand?post=74420"},{"taxonomy":"product_cat","embeddable":true,"href":"https:\/\/www.multifrigo.pl\/sklep\/wp-json\/wp\/v2\/product_cat?post=74420"},{"taxonomy":"product_tag","embeddable":true,"href":"https:\/\/www.multifrigo.pl\/sklep\/wp-json\/wp\/v2\/product_tag?post=74420"}],"curies":[{"name":"wp","href":"https:\/\/api.w.org\/{rel}","templated":true}]}}