{"id":74432,"date":"2025-10-14T13:18:49","date_gmt":"2025-10-14T13:18:49","guid":{"rendered":"https:\/\/www.multifrigo.pl\/sklep\/produkt\/szafa-chlodnicza-570l-biala-yato-yg-05235\/"},"modified":"2026-05-11T06:43:21","modified_gmt":"2026-05-11T06:43:21","slug":"szafa-chlodnicza-570l-biala-yato-yg-05235","status":"publish","type":"product","link":"https:\/\/www.multifrigo.pl\/sklep\/produkt\/szafa-chlodnicza-570l-biala-yato-yg-05235\/","title":{"rendered":"SZAFA CH\u0141ODNICZA 570L BIA\u0141A | Yato YG-05235"},"content":{"rendered":"<p>Profesjonalna\u00a0szafa\u00a0ch\u0142odnicza\u00a0przeznaczona\u00a0do przechowywania produkt\u00f3w spo\u017cywczych.<\/p>\n<ul>\n<li>obudowa zewn\u0119trzna wykonana z wysokiej jako\u015bci\u00a0stali lakierowanej na kolor bia\u0142y<\/li>\n<li>obudowa wewn\u0119trzna wykonana z wytrzyma\u0142ego i odpornego na uszkodzenia materia\u0142u ABS<\/li>\n<li>ch\u0142odzenie\u00a0z obiegiem wymuszonym wentylatorem<\/li>\n<li>elektroniczny sterownik z cyfrowym kontrolerem<\/li>\n<li>samozamykaj\u0105ce drzwi z zamkiem, z mo\u017cliwo\u015bci\u0105 zmiany strony otwierania\u00a0<\/li>\n<li>2 regulowane n\u00f3\u017cki z przodu<\/li>\n<li>2 k\u00f3\u0142ka z ty\u0142u u\u0142atwiaj\u0105ce transport<\/li>\n<li>klasa klimatyczna: 4<\/li>\n<li>klasa izolacji\u00a0eleketrycznej: I<\/li>\n<li>czynnik spieniaj\u0105cy izolacj\u0119:\u00a0C5H10<\/li>\n<li>czynnik ch\u0142odz\u0105cy: R600a<\/li>\n<li>zasilanie:\u00a0230 V\/50 Hz<\/li>\n<li>ci\u015bnienie akustyczne:\u00a0&lt; 70 dB<\/li>\n<\/ul>\n","protected":false},"excerpt":{"rendered":"<p>Profesjonalna\u00a0szafa\u00a0ch\u0142odnicza\u00a0przeznaczona\u00a0do przechowywania produkt\u00f3w spo\u017cywczych. obudowa zewn\u0119trzna wykonana z wysokiej jako\u015bci\u00a0stali lakierowanej na kolor bia\u0142y obudowa wewn\u0119trzna wykonana z wytrzyma\u0142ego i odpornego na uszkodzenia materia\u0142u ABS ch\u0142odzenie\u00a0z obiegiem wymuszonym wentylatorem elektroniczny sterownik z cyfrowym kontrolerem samozamykaj\u0105ce drzwi z zamkiem, z mo\u017cliwo\u015bci\u0105 zmiany strony otwierania\u00a0 2 regulowane n\u00f3\u017cki z przodu 2 k\u00f3\u0142ka z ty\u0142u u\u0142atwiaj\u0105ce transport klasa [&hellip;]<\/p>\n","protected":false},"featured_media":74496,"template":"","meta":{"_et_pb_use_builder":"","_et_pb_old_content":"","_et_gb_content_width":""},"pwb-brand":[658],"product_brand":[],"product_cat":[518],"product_tag":[],"class_list":{"0":"post-74432","1":"product","2":"type-product","3":"status-publish","4":"has-post-thumbnail","6":"pwb-brand-yato","7":"product_cat-szafy-chlodnicze","9":"first","10":"instock","11":"taxable","12":"shipping-taxable","13":"purchasable","14":"product-type-simple"},"brands":[{"id":658,"name":"Yato","slug":"yato"}],"_links":{"self":[{"href":"https:\/\/www.multifrigo.pl\/sklep\/wp-json\/wp\/v2\/product\/74432","targetHints":{"allow":["GET"]}}],"collection":[{"href":"https:\/\/www.multifrigo.pl\/sklep\/wp-json\/wp\/v2\/product"}],"about":[{"href":"https:\/\/www.multifrigo.pl\/sklep\/wp-json\/wp\/v2\/types\/product"}],"wp:featuredmedia":[{"embeddable":true,"href":"https:\/\/www.multifrigo.pl\/sklep\/wp-json\/wp\/v2\/media\/74496"}],"wp:attachment":[{"href":"https:\/\/www.multifrigo.pl\/sklep\/wp-json\/wp\/v2\/media?parent=74432"}],"wp:term":[{"taxonomy":"pwb-brand","embeddable":true,"href":"https:\/\/www.multifrigo.pl\/sklep\/wp-json\/wp\/v2\/pwb-brand?post=74432"},{"taxonomy":"product_brand","embeddable":true,"href":"https:\/\/www.multifrigo.pl\/sklep\/wp-json\/wp\/v2\/product_brand?post=74432"},{"taxonomy":"product_cat","embeddable":true,"href":"https:\/\/www.multifrigo.pl\/sklep\/wp-json\/wp\/v2\/product_cat?post=74432"},{"taxonomy":"product_tag","embeddable":true,"href":"https:\/\/www.multifrigo.pl\/sklep\/wp-json\/wp\/v2\/product_tag?post=74432"}],"curies":[{"name":"wp","href":"https:\/\/api.w.org\/{rel}","templated":true}]}}