{"id":75904,"date":"2026-05-11T10:06:28","date_gmt":"2026-05-11T10:06:28","guid":{"rendered":"https:\/\/www.multifrigo.pl\/sklep\/produkt\/zmiekczacz-automatyczny-eco-5-b65-mijar\/"},"modified":"2026-05-11T10:11:13","modified_gmt":"2026-05-11T10:11:13","slug":"zmiekczacz-wody-automatyczny-eco-5-b65-mijar","status":"publish","type":"product","link":"https:\/\/www.multifrigo.pl\/sklep\/produkt\/zmiekczacz-wody-automatyczny-eco-5-b65-mijar\/","title":{"rendered":"Zmi\u0119kczacz wody automatyczny ECO 5 B65 | Mijar"},"content":{"rendered":"<p><b>Zmi\u0119kczacz wody automatyczny ECO 5 B65 <\/b><br \/>\n<br \/>G\u0142owica : B65<br \/>\n<br \/>Regeneracja rozpoczyna si\u0119 automatycznie w trybie czasowym, dost\u0119pna woda podczas regeneracji.<\/p>\n<p>\u2022 Elektromechaniczna g\u0142owica steruj\u0105ca<br \/>\n\u2022 Proces regeneracji odbywa si\u0119 w trybie czasowy, co zaprogramowan\u0105 ilo\u015b\u0107 dni (np. co 6 dni) rozpoczynaj\u0105c si\u0119  o ustalonej godzinie (2:00 w nocy).<br \/>\n\u2022 Urz\u0105dzenie \u0142atwe w obs\u0142udze, bardzo niezawodne<br \/>\n\u2022 Podczas regeneracji dost\u0119pna jest twarda woda<br \/>\n\u2022 G\u0142owica mo\u017ce by\u0107 wyposa\u017cona w mieszacz wody<br \/>\n\u2022 Maksymalny przep\u0142yw  wody to 75l\/min.<\/p>\n","protected":false},"excerpt":{"rendered":"<p>Zmi\u0119kczacz wody automatyczny ECO 5 B65 G\u0142owica : B65 Regeneracja rozpoczyna si\u0119 automatycznie w trybie czasowym, dost\u0119pna woda podczas regeneracji. \u2022 Elektromechaniczna g\u0142owica steruj\u0105ca \u2022 Proces regeneracji odbywa si\u0119 w trybie czasowy, co zaprogramowan\u0105 ilo\u015b\u0107 dni (np. co 6 dni) rozpoczynaj\u0105c si\u0119 o ustalonej godzinie (2:00 w nocy). \u2022 Urz\u0105dzenie \u0142atwe w obs\u0142udze, bardzo niezawodne [&hellip;]<\/p>\n","protected":false},"featured_media":75897,"template":"","meta":{"_et_pb_use_builder":"","_et_pb_old_content":"","_et_gb_content_width":""},"pwb-brand":[5920],"product_brand":[],"product_cat":[515],"product_tag":[],"class_list":{"0":"post-75904","1":"product","2":"type-product","3":"status-publish","4":"has-post-thumbnail","6":"pwb-brand-mijar","7":"product_cat-automatyczne","9":"first","10":"instock","11":"taxable","12":"shipping-taxable","13":"purchasable","14":"product-type-simple"},"brands":[{"id":5920,"name":"Mijar","slug":"mijar"}],"_links":{"self":[{"href":"https:\/\/www.multifrigo.pl\/sklep\/wp-json\/wp\/v2\/product\/75904","targetHints":{"allow":["GET"]}}],"collection":[{"href":"https:\/\/www.multifrigo.pl\/sklep\/wp-json\/wp\/v2\/product"}],"about":[{"href":"https:\/\/www.multifrigo.pl\/sklep\/wp-json\/wp\/v2\/types\/product"}],"wp:featuredmedia":[{"embeddable":true,"href":"https:\/\/www.multifrigo.pl\/sklep\/wp-json\/wp\/v2\/media\/75897"}],"wp:attachment":[{"href":"https:\/\/www.multifrigo.pl\/sklep\/wp-json\/wp\/v2\/media?parent=75904"}],"wp:term":[{"taxonomy":"pwb-brand","embeddable":true,"href":"https:\/\/www.multifrigo.pl\/sklep\/wp-json\/wp\/v2\/pwb-brand?post=75904"},{"taxonomy":"product_brand","embeddable":true,"href":"https:\/\/www.multifrigo.pl\/sklep\/wp-json\/wp\/v2\/product_brand?post=75904"},{"taxonomy":"product_cat","embeddable":true,"href":"https:\/\/www.multifrigo.pl\/sklep\/wp-json\/wp\/v2\/product_cat?post=75904"},{"taxonomy":"product_tag","embeddable":true,"href":"https:\/\/www.multifrigo.pl\/sklep\/wp-json\/wp\/v2\/product_tag?post=75904"}],"curies":[{"name":"wp","href":"https:\/\/api.w.org\/{rel}","templated":true}]}}