{"id":7719,"date":"2024-07-03T12:50:56","date_gmt":"2024-07-03T12:50:56","guid":{"rendered":"https:\/\/multifrigo.pl\/sklep\/produkt\/pojemnik-emaliowany-gn-1-1-h-20-mm-stalgast-101021\/"},"modified":"2025-05-19T11:09:42","modified_gmt":"2025-05-19T11:09:42","slug":"pojemnik-emaliowany-gn-1-1-h-20-mm-stalgast-101021","status":"publish","type":"product","link":"https:\/\/www.multifrigo.pl\/sklep\/produkt\/pojemnik-emaliowany-gn-1-1-h-20-mm-stalgast-101021\/","title":{"rendered":"Pojemnik emaliowany, GN 1\/1, H 20 mm | Stalgast 101021"},"content":{"rendered":"<p><LI>wykonany ze stali pokrytej emali\u0105 zapobieaj\u0105c\u0105 przywieraniu potraw  <LI>dobrze przewodzi ciep\u0142o  <\/p>\n","protected":false},"excerpt":{"rendered":"<p>wykonany ze stali pokrytej emali\u0105 zapobieaj\u0105c\u0105 przywieraniu potraw dobrze przewodzi ciep\u0142o<\/p>\n","protected":false},"featured_media":12328,"template":"","meta":{"_et_pb_use_builder":"","_et_pb_old_content":"","_et_gb_content_width":""},"pwb-brand":[62],"product_brand":[],"product_cat":[131],"product_tag":[],"class_list":{"0":"post-7719","1":"product","2":"type-product","3":"status-publish","4":"has-post-thumbnail","6":"pwb-brand-stalgast","7":"product_cat-pojemniki-gn-emaliowane","9":"first","10":"instock","11":"taxable","12":"shipping-taxable","13":"purchasable","14":"product-type-simple"},"brands":[{"id":62,"name":"Stalgast","slug":"stalgast"}],"_links":{"self":[{"href":"https:\/\/www.multifrigo.pl\/sklep\/wp-json\/wp\/v2\/product\/7719","targetHints":{"allow":["GET"]}}],"collection":[{"href":"https:\/\/www.multifrigo.pl\/sklep\/wp-json\/wp\/v2\/product"}],"about":[{"href":"https:\/\/www.multifrigo.pl\/sklep\/wp-json\/wp\/v2\/types\/product"}],"wp:featuredmedia":[{"embeddable":true,"href":"https:\/\/www.multifrigo.pl\/sklep\/wp-json\/wp\/v2\/media\/12328"}],"wp:attachment":[{"href":"https:\/\/www.multifrigo.pl\/sklep\/wp-json\/wp\/v2\/media?parent=7719"}],"wp:term":[{"taxonomy":"pwb-brand","embeddable":true,"href":"https:\/\/www.multifrigo.pl\/sklep\/wp-json\/wp\/v2\/pwb-brand?post=7719"},{"taxonomy":"product_brand","embeddable":true,"href":"https:\/\/www.multifrigo.pl\/sklep\/wp-json\/wp\/v2\/product_brand?post=7719"},{"taxonomy":"product_cat","embeddable":true,"href":"https:\/\/www.multifrigo.pl\/sklep\/wp-json\/wp\/v2\/product_cat?post=7719"},{"taxonomy":"product_tag","embeddable":true,"href":"https:\/\/www.multifrigo.pl\/sklep\/wp-json\/wp\/v2\/product_tag?post=7719"}],"curies":[{"name":"wp","href":"https:\/\/api.w.org\/{rel}","templated":true}]}}