{"id":7725,"date":"2024-07-03T12:51:00","date_gmt":"2024-07-03T12:51:00","guid":{"rendered":"https:\/\/multifrigo.pl\/sklep\/produkt\/pojemnik-emaliowany-gn-2-1-h-65-mm-stalgast-107061\/"},"modified":"2025-05-19T11:09:47","modified_gmt":"2025-05-19T11:09:47","slug":"pojemnik-emaliowany-gn-2-1-h-65-mm-stalgast-107061","status":"publish","type":"product","link":"https:\/\/www.multifrigo.pl\/sklep\/produkt\/pojemnik-emaliowany-gn-2-1-h-65-mm-stalgast-107061\/","title":{"rendered":"Pojemnik emaliowany, GN 2\/1, H 65 mm | Stalgast 107061"},"content":{"rendered":"<p><LI>wykonane ze stali pokrytej emali\u0105, dobrze przewodz\u0105 ciep\u0142o  <LI>pojemno\u015bci GN przybli\u017cone  <\/p>\n","protected":false},"excerpt":{"rendered":"<p>wykonane ze stali pokrytej emali\u0105, dobrze przewodz\u0105 ciep\u0142o pojemno\u015bci GN przybli\u017cone<\/p>\n","protected":false},"featured_media":12340,"template":"","meta":{"_et_pb_use_builder":"","_et_pb_old_content":"","_et_gb_content_width":""},"pwb-brand":[62],"product_brand":[],"product_cat":[131],"product_tag":[],"class_list":{"0":"post-7725","1":"product","2":"type-product","3":"status-publish","4":"has-post-thumbnail","6":"pwb-brand-stalgast","7":"product_cat-pojemniki-gn-emaliowane","9":"first","10":"instock","11":"taxable","12":"shipping-taxable","13":"purchasable","14":"product-type-simple"},"brands":[{"id":62,"name":"Stalgast","slug":"stalgast"}],"_links":{"self":[{"href":"https:\/\/www.multifrigo.pl\/sklep\/wp-json\/wp\/v2\/product\/7725","targetHints":{"allow":["GET"]}}],"collection":[{"href":"https:\/\/www.multifrigo.pl\/sklep\/wp-json\/wp\/v2\/product"}],"about":[{"href":"https:\/\/www.multifrigo.pl\/sklep\/wp-json\/wp\/v2\/types\/product"}],"wp:featuredmedia":[{"embeddable":true,"href":"https:\/\/www.multifrigo.pl\/sklep\/wp-json\/wp\/v2\/media\/12340"}],"wp:attachment":[{"href":"https:\/\/www.multifrigo.pl\/sklep\/wp-json\/wp\/v2\/media?parent=7725"}],"wp:term":[{"taxonomy":"pwb-brand","embeddable":true,"href":"https:\/\/www.multifrigo.pl\/sklep\/wp-json\/wp\/v2\/pwb-brand?post=7725"},{"taxonomy":"product_brand","embeddable":true,"href":"https:\/\/www.multifrigo.pl\/sklep\/wp-json\/wp\/v2\/product_brand?post=7725"},{"taxonomy":"product_cat","embeddable":true,"href":"https:\/\/www.multifrigo.pl\/sklep\/wp-json\/wp\/v2\/product_cat?post=7725"},{"taxonomy":"product_tag","embeddable":true,"href":"https:\/\/www.multifrigo.pl\/sklep\/wp-json\/wp\/v2\/product_tag?post=7725"}],"curies":[{"name":"wp","href":"https:\/\/api.w.org\/{rel}","templated":true}]}}