{"id":7837,"date":"2024-07-03T12:51:30","date_gmt":"2024-07-03T12:51:30","guid":{"rendered":"https:\/\/multifrigo.pl\/sklep\/produkt\/pojemnik-stalowy-gn-2-1-h-40-mm-stalgast-117040\/"},"modified":"2025-05-19T11:11:22","modified_gmt":"2025-05-19T11:11:22","slug":"pojemnik-stalowy-gn-2-1-h-40-mm-stalgast-117040","status":"publish","type":"product","link":"https:\/\/www.multifrigo.pl\/sklep\/produkt\/pojemnik-stalowy-gn-2-1-h-40-mm-stalgast-117040\/","title":{"rendered":"Pojemnik  stalowy, GN 2\/1, H 40 mm | Stalgast 117040"},"content":{"rendered":"<p><LI>polecane do wszystkich zastosowa\u0144 w temperaturze od -40\u00b0C do 300\u00b0C  <LI>wykonany ze stali nierdzewnej  <LI>\u0142atwe do utrzymania w czysto\u015bci  <LI>pojemno\u015bci GN przybli\u017cone  <LI>zastosowanie: witryny i lady ch\u0142odnicze, piece konwekcyjno-parowe, bemary, termosy transportowe, przechowywanie \u017cywno\u015bci w ch\u0142odniach  <\/p>\n","protected":false},"excerpt":{"rendered":"<p>polecane do wszystkich zastosowa\u0144 w temperaturze od -40\u00b0C do 300\u00b0C wykonany ze stali nierdzewnej \u0142atwe do utrzymania w czysto\u015bci pojemno\u015bci GN przybli\u017cone zastosowanie: witryny i lady ch\u0142odnicze, piece konwekcyjno-parowe, bemary, termosy transportowe, przechowywanie \u017cywno\u015bci w ch\u0142odniach<\/p>\n","protected":false},"featured_media":12537,"template":"","meta":{"_et_pb_use_builder":"","_et_pb_old_content":"","_et_gb_content_width":""},"pwb-brand":[62],"product_brand":[],"product_cat":[136],"product_tag":[],"class_list":{"0":"post-7837","1":"product","2":"type-product","3":"status-publish","4":"has-post-thumbnail","6":"pwb-brand-stalgast","7":"product_cat-pojemniki-gn-ze-stali-nierdzewnej","9":"first","10":"instock","11":"taxable","12":"shipping-taxable","13":"purchasable","14":"product-type-simple"},"brands":[{"id":62,"name":"Stalgast","slug":"stalgast"}],"_links":{"self":[{"href":"https:\/\/www.multifrigo.pl\/sklep\/wp-json\/wp\/v2\/product\/7837","targetHints":{"allow":["GET"]}}],"collection":[{"href":"https:\/\/www.multifrigo.pl\/sklep\/wp-json\/wp\/v2\/product"}],"about":[{"href":"https:\/\/www.multifrigo.pl\/sklep\/wp-json\/wp\/v2\/types\/product"}],"wp:featuredmedia":[{"embeddable":true,"href":"https:\/\/www.multifrigo.pl\/sklep\/wp-json\/wp\/v2\/media\/12537"}],"wp:attachment":[{"href":"https:\/\/www.multifrigo.pl\/sklep\/wp-json\/wp\/v2\/media?parent=7837"}],"wp:term":[{"taxonomy":"pwb-brand","embeddable":true,"href":"https:\/\/www.multifrigo.pl\/sklep\/wp-json\/wp\/v2\/pwb-brand?post=7837"},{"taxonomy":"product_brand","embeddable":true,"href":"https:\/\/www.multifrigo.pl\/sklep\/wp-json\/wp\/v2\/product_brand?post=7837"},{"taxonomy":"product_cat","embeddable":true,"href":"https:\/\/www.multifrigo.pl\/sklep\/wp-json\/wp\/v2\/product_cat?post=7837"},{"taxonomy":"product_tag","embeddable":true,"href":"https:\/\/www.multifrigo.pl\/sklep\/wp-json\/wp\/v2\/product_tag?post=7837"}],"curies":[{"name":"wp","href":"https:\/\/api.w.org\/{rel}","templated":true}]}}