{"id":7973,"date":"2024-07-03T12:51:58","date_gmt":"2024-07-03T12:51:58","guid":{"rendered":"https:\/\/multifrigo.pl\/sklep\/produkt\/pojemnik-z-polipropylenu-z-pokrywka-szczelna-gn-1-2-h-150-mm-araven-162155\/"},"modified":"2025-05-19T11:12:25","modified_gmt":"2025-05-19T11:12:25","slug":"pojemnik-z-polipropylenu-z-pokrywka-szczelna-gn-1-2-h-150-mm-araven-162155","status":"publish","type":"product","link":"https:\/\/www.multifrigo.pl\/sklep\/produkt\/pojemnik-z-polipropylenu-z-pokrywka-szczelna-gn-1-2-h-150-mm-araven-162155\/","title":{"rendered":"Pojemnik z polipropylenu z pokrywk\u0105 szczeln\u0105, GN 1\/2, H 150 mm | Araven 162155"},"content":{"rendered":"<p><LI>wykonane z nieprzezroczystego polipropylenu z systemem ColorClip &#8211; zestaw kolorowych klips\u00f3w od oznaczania pokrywy i pojemnika (7&#215;2 klipsy &#8211; zielony, niebieski, \u017c\u00f3\u0142ty, czerwony, fioletowy, br\u0105zowy, bia\u0142y)  <LI>mo\u017cna stosowa\u0107 w temperaturze od -40\u00b0C do 95\u00b0C  <LI>nie absorbuje zapach\u00f3w i kolor\u00f3w  <LI>pokrywa w komplecie  <LI>pojemno\u015bci GN przybli\u017cone  <LI>nie stosowa\u0107 w bemarach i piecach konwekcyjno-parowych  <LI>posiada etykiet\u0119  <\/p>\n","protected":false},"excerpt":{"rendered":"<p>wykonane z nieprzezroczystego polipropylenu z systemem ColorClip &#8211; zestaw kolorowych klips\u00f3w od oznaczania pokrywy i pojemnika (7&#215;2 klipsy &#8211; zielony, niebieski, \u017c\u00f3\u0142ty, czerwony, fioletowy, br\u0105zowy, bia\u0142y) mo\u017cna stosowa\u0107 w temperaturze od -40\u00b0C do 95\u00b0C nie absorbuje zapach\u00f3w i kolor\u00f3w pokrywa w komplecie pojemno\u015bci GN przybli\u017cone nie stosowa\u0107 w bemarach i piecach konwekcyjno-parowych posiada etykiet\u0119<\/p>\n","protected":false},"featured_media":12770,"template":"","meta":{"_et_pb_use_builder":"","_et_pb_old_content":"","_et_gb_content_width":""},"pwb-brand":[106],"product_brand":[],"product_cat":[149],"product_tag":[],"class_list":{"0":"post-7973","1":"product","2":"type-product","3":"status-publish","4":"has-post-thumbnail","6":"pwb-brand-araven","7":"product_cat-pojemniki-gn-z-polipropylenu","9":"first","10":"instock","11":"taxable","12":"shipping-taxable","13":"purchasable","14":"product-type-simple"},"brands":[{"id":106,"name":"Araven","slug":"araven"}],"_links":{"self":[{"href":"https:\/\/www.multifrigo.pl\/sklep\/wp-json\/wp\/v2\/product\/7973","targetHints":{"allow":["GET"]}}],"collection":[{"href":"https:\/\/www.multifrigo.pl\/sklep\/wp-json\/wp\/v2\/product"}],"about":[{"href":"https:\/\/www.multifrigo.pl\/sklep\/wp-json\/wp\/v2\/types\/product"}],"wp:featuredmedia":[{"embeddable":true,"href":"https:\/\/www.multifrigo.pl\/sklep\/wp-json\/wp\/v2\/media\/12770"}],"wp:attachment":[{"href":"https:\/\/www.multifrigo.pl\/sklep\/wp-json\/wp\/v2\/media?parent=7973"}],"wp:term":[{"taxonomy":"pwb-brand","embeddable":true,"href":"https:\/\/www.multifrigo.pl\/sklep\/wp-json\/wp\/v2\/pwb-brand?post=7973"},{"taxonomy":"product_brand","embeddable":true,"href":"https:\/\/www.multifrigo.pl\/sklep\/wp-json\/wp\/v2\/product_brand?post=7973"},{"taxonomy":"product_cat","embeddable":true,"href":"https:\/\/www.multifrigo.pl\/sklep\/wp-json\/wp\/v2\/product_cat?post=7973"},{"taxonomy":"product_tag","embeddable":true,"href":"https:\/\/www.multifrigo.pl\/sklep\/wp-json\/wp\/v2\/product_tag?post=7973"}],"curies":[{"name":"wp","href":"https:\/\/api.w.org\/{rel}","templated":true}]}}