{"id":7985,"date":"2024-07-03T12:52:00","date_gmt":"2024-07-03T12:52:00","guid":{"rendered":"https:\/\/multifrigo.pl\/sklep\/produkt\/pojemnik-z-polipropylenu-z-pokrywka-szczelna-gn-1-3-h-150-mm-araven-163155\/"},"modified":"2025-05-19T11:12:29","modified_gmt":"2025-05-19T11:12:29","slug":"pojemnik-z-polipropylenu-z-pokrywka-szczelna-gn-1-3-h-150-mm-araven-163155","status":"publish","type":"product","link":"https:\/\/www.multifrigo.pl\/sklep\/produkt\/pojemnik-z-polipropylenu-z-pokrywka-szczelna-gn-1-3-h-150-mm-araven-163155\/","title":{"rendered":"Pojemnik z polipropylenu z pokrywk\u0105 szczeln\u0105, GN 1\/3, H 150 mm | Araven 163155"},"content":{"rendered":"<p><LI>wykonane z nieprzezroczystego polipropylenu z systemem ColorClip &#8211; zestaw kolorowych klips\u00f3w od oznaczania pokrywy i pojemnika (7&#215;2 klipsy &#8211; zielony, niebieski, \u017c\u00f3\u0142ty, czerwony, fioletowy, br\u0105zowy, bia\u0142y)  <LI>mo\u017cna stosowa\u0107 w temperaturze od -40\u00b0C do 95\u00b0C  <LI>wykonany z materia\u0142u nie absorbuj\u0105cego zapach\u00f3w oraz smak\u00f3w  <LI>pokrywa w komplecie  <LI>pojemno\u015b\u0107 GN przybli\u017cona  <LI>nie stosowa\u0107 w bemarach i piecach konwekcyjno-parowych  <LI>posiada etykiet\u0119  <\/p>\n","protected":false},"excerpt":{"rendered":"<p>wykonane z nieprzezroczystego polipropylenu z systemem ColorClip &#8211; zestaw kolorowych klips\u00f3w od oznaczania pokrywy i pojemnika (7&#215;2 klipsy &#8211; zielony, niebieski, \u017c\u00f3\u0142ty, czerwony, fioletowy, br\u0105zowy, bia\u0142y) mo\u017cna stosowa\u0107 w temperaturze od -40\u00b0C do 95\u00b0C wykonany z materia\u0142u nie absorbuj\u0105cego zapach\u00f3w oraz smak\u00f3w pokrywa w komplecie pojemno\u015b\u0107 GN przybli\u017cona nie stosowa\u0107 w bemarach i piecach konwekcyjno-parowych [&hellip;]<\/p>\n","protected":false},"featured_media":12797,"template":"","meta":{"_et_pb_use_builder":"","_et_pb_old_content":"","_et_gb_content_width":""},"pwb-brand":[106],"product_brand":[],"product_cat":[149],"product_tag":[],"class_list":{"0":"post-7985","1":"product","2":"type-product","3":"status-publish","4":"has-post-thumbnail","6":"pwb-brand-araven","7":"product_cat-pojemniki-gn-z-polipropylenu","9":"first","10":"instock","11":"taxable","12":"shipping-taxable","13":"purchasable","14":"product-type-simple"},"brands":[{"id":106,"name":"Araven","slug":"araven"}],"_links":{"self":[{"href":"https:\/\/www.multifrigo.pl\/sklep\/wp-json\/wp\/v2\/product\/7985","targetHints":{"allow":["GET"]}}],"collection":[{"href":"https:\/\/www.multifrigo.pl\/sklep\/wp-json\/wp\/v2\/product"}],"about":[{"href":"https:\/\/www.multifrigo.pl\/sklep\/wp-json\/wp\/v2\/types\/product"}],"wp:featuredmedia":[{"embeddable":true,"href":"https:\/\/www.multifrigo.pl\/sklep\/wp-json\/wp\/v2\/media\/12797"}],"wp:attachment":[{"href":"https:\/\/www.multifrigo.pl\/sklep\/wp-json\/wp\/v2\/media?parent=7985"}],"wp:term":[{"taxonomy":"pwb-brand","embeddable":true,"href":"https:\/\/www.multifrigo.pl\/sklep\/wp-json\/wp\/v2\/pwb-brand?post=7985"},{"taxonomy":"product_brand","embeddable":true,"href":"https:\/\/www.multifrigo.pl\/sklep\/wp-json\/wp\/v2\/product_brand?post=7985"},{"taxonomy":"product_cat","embeddable":true,"href":"https:\/\/www.multifrigo.pl\/sklep\/wp-json\/wp\/v2\/product_cat?post=7985"},{"taxonomy":"product_tag","embeddable":true,"href":"https:\/\/www.multifrigo.pl\/sklep\/wp-json\/wp\/v2\/product_tag?post=7985"}],"curies":[{"name":"wp","href":"https:\/\/api.w.org\/{rel}","templated":true}]}}