{"id":7998,"date":"2024-07-03T12:52:03","date_gmt":"2024-07-03T12:52:03","guid":{"rendered":"https:\/\/multifrigo.pl\/sklep\/produkt\/pokrywka-z-polipropylenu-do-pojemnikow-gn-1-6-stalgast-166002\/"},"modified":"2025-05-19T11:12:42","modified_gmt":"2025-05-19T11:12:42","slug":"pokrywka-z-polipropylenu-do-pojemnikow-gn-1-6-stalgast-166002","status":"publish","type":"product","link":"https:\/\/www.multifrigo.pl\/sklep\/produkt\/pokrywka-z-polipropylenu-do-pojemnikow-gn-1-6-stalgast-166002\/","title":{"rendered":"Pokrywka z polipropylenu do pojemnik\u00f3w GN 1\/6 | Stalgast 166002"},"content":{"rendered":"<p><LI>pasuje do pojemnik\u00f3w GN 1\/6 polipropylenowych z linii Standard  <LI>nie stosowa\u0107 w bemarach i piecach konwekcyjno-parowych  <LI>wykonany z materia\u0142u nie absorbuj\u0105cego zapach\u00f3w oraz smak\u00f3w  <\/p>\n","protected":false},"excerpt":{"rendered":"<p>pasuje do pojemnik\u00f3w GN 1\/6 polipropylenowych z linii Standard nie stosowa\u0107 w bemarach i piecach konwekcyjno-parowych wykonany z materia\u0142u nie absorbuj\u0105cego zapach\u00f3w oraz smak\u00f3w<\/p>\n","protected":false},"featured_media":12832,"template":"","meta":{"_et_pb_use_builder":"","_et_pb_old_content":"","_et_gb_content_width":""},"pwb-brand":[62],"product_brand":[],"product_cat":[148],"product_tag":[],"class_list":{"0":"post-7998","1":"product","2":"type-product","3":"status-publish","4":"has-post-thumbnail","6":"pwb-brand-stalgast","7":"product_cat-pokrywy-gn-z-polipropylenu","9":"first","10":"instock","11":"taxable","12":"shipping-taxable","13":"purchasable","14":"product-type-simple"},"brands":[{"id":62,"name":"Stalgast","slug":"stalgast"}],"_links":{"self":[{"href":"https:\/\/www.multifrigo.pl\/sklep\/wp-json\/wp\/v2\/product\/7998","targetHints":{"allow":["GET"]}}],"collection":[{"href":"https:\/\/www.multifrigo.pl\/sklep\/wp-json\/wp\/v2\/product"}],"about":[{"href":"https:\/\/www.multifrigo.pl\/sklep\/wp-json\/wp\/v2\/types\/product"}],"wp:featuredmedia":[{"embeddable":true,"href":"https:\/\/www.multifrigo.pl\/sklep\/wp-json\/wp\/v2\/media\/12832"}],"wp:attachment":[{"href":"https:\/\/www.multifrigo.pl\/sklep\/wp-json\/wp\/v2\/media?parent=7998"}],"wp:term":[{"taxonomy":"pwb-brand","embeddable":true,"href":"https:\/\/www.multifrigo.pl\/sklep\/wp-json\/wp\/v2\/pwb-brand?post=7998"},{"taxonomy":"product_brand","embeddable":true,"href":"https:\/\/www.multifrigo.pl\/sklep\/wp-json\/wp\/v2\/product_brand?post=7998"},{"taxonomy":"product_cat","embeddable":true,"href":"https:\/\/www.multifrigo.pl\/sklep\/wp-json\/wp\/v2\/product_cat?post=7998"},{"taxonomy":"product_tag","embeddable":true,"href":"https:\/\/www.multifrigo.pl\/sklep\/wp-json\/wp\/v2\/product_tag?post=7998"}],"curies":[{"name":"wp","href":"https:\/\/api.w.org\/{rel}","templated":true}]}}