{"id":8041,"date":"2024-07-03T12:52:10","date_gmt":"2024-07-03T12:52:10","guid":{"rendered":"https:\/\/multifrigo.pl\/sklep\/produkt\/noz-do-oddzielania-kosci-zagiety-sanelli-l-160-mm-sanelli-208160\/"},"modified":"2025-05-19T11:13:09","modified_gmt":"2025-05-19T11:13:09","slug":"noz-do-oddzielania-kosci-zagiety-sanelli-l-160-mm-sanelli-208160","status":"publish","type":"product","link":"https:\/\/www.multifrigo.pl\/sklep\/produkt\/noz-do-oddzielania-kosci-zagiety-sanelli-l-160-mm-sanelli-208160\/","title":{"rendered":"N\u00f3\u017c do oddzielania ko\u015bci, zagi\u0119ty, Sanelli, L 160 mm | Sanelli 208160"},"content":{"rendered":"<p><LI>antypo\u015blizgowa r\u0119koje\u015b\u0107 wykonana z dw\u00f3ch rodzaj\u00f3w tworzywa, twardego (kolor czerwony), oraz mi\u0119kkiego (kolor zielony)  <LI>ostrze ze stali chromowo-molibdenowej, o twardo\u015bci 54-56 HRC  <LI>mo\u017cna my\u0107 i wyparza\u0107 w zmywarce  <LI>wymiar L d\u0142ugo\u015b\u0107 ostrza  <\/p>\n","protected":false},"excerpt":{"rendered":"<p>antypo\u015blizgowa r\u0119koje\u015b\u0107 wykonana z dw\u00f3ch rodzaj\u00f3w tworzywa, twardego (kolor czerwony), oraz mi\u0119kkiego (kolor zielony) ostrze ze stali chromowo-molibdenowej, o twardo\u015bci 54-56 HRC mo\u017cna my\u0107 i wyparza\u0107 w zmywarce wymiar L d\u0142ugo\u015b\u0107 ostrza<\/p>\n","protected":false},"featured_media":12910,"template":"","meta":{"_et_pb_use_builder":"","_et_pb_old_content":"","_et_gb_content_width":""},"pwb-brand":[163],"product_brand":[],"product_cat":[154],"product_tag":[],"class_list":{"0":"post-8041","1":"product","2":"type-product","3":"status-publish","4":"has-post-thumbnail","6":"pwb-brand-sanelli","7":"product_cat-noze-do-miesa-surowego","9":"first","10":"instock","11":"taxable","12":"shipping-taxable","13":"purchasable","14":"product-type-simple"},"brands":[{"id":163,"name":"Sanelli","slug":"sanelli"}],"_links":{"self":[{"href":"https:\/\/www.multifrigo.pl\/sklep\/wp-json\/wp\/v2\/product\/8041","targetHints":{"allow":["GET"]}}],"collection":[{"href":"https:\/\/www.multifrigo.pl\/sklep\/wp-json\/wp\/v2\/product"}],"about":[{"href":"https:\/\/www.multifrigo.pl\/sklep\/wp-json\/wp\/v2\/types\/product"}],"wp:featuredmedia":[{"embeddable":true,"href":"https:\/\/www.multifrigo.pl\/sklep\/wp-json\/wp\/v2\/media\/12910"}],"wp:attachment":[{"href":"https:\/\/www.multifrigo.pl\/sklep\/wp-json\/wp\/v2\/media?parent=8041"}],"wp:term":[{"taxonomy":"pwb-brand","embeddable":true,"href":"https:\/\/www.multifrigo.pl\/sklep\/wp-json\/wp\/v2\/pwb-brand?post=8041"},{"taxonomy":"product_brand","embeddable":true,"href":"https:\/\/www.multifrigo.pl\/sklep\/wp-json\/wp\/v2\/product_brand?post=8041"},{"taxonomy":"product_cat","embeddable":true,"href":"https:\/\/www.multifrigo.pl\/sklep\/wp-json\/wp\/v2\/product_cat?post=8041"},{"taxonomy":"product_tag","embeddable":true,"href":"https:\/\/www.multifrigo.pl\/sklep\/wp-json\/wp\/v2\/product_tag?post=8041"}],"curies":[{"name":"wp","href":"https:\/\/api.w.org\/{rel}","templated":true}]}}