{"id":8046,"date":"2024-07-03T12:52:10","date_gmt":"2024-07-03T12:52:10","guid":{"rendered":"https:\/\/multifrigo.pl\/sklep\/produkt\/widelec-l-160-mm-stalgast-211158\/"},"modified":"2025-05-19T11:13:12","modified_gmt":"2025-05-19T11:13:12","slug":"widelec-l-160-mm-stalgast-211158","status":"publish","type":"product","link":"https:\/\/www.multifrigo.pl\/sklep\/produkt\/widelec-l-160-mm-stalgast-211158\/","title":{"rendered":"Widelec, L 160 mm | Stalgast 211158"},"content":{"rendered":"<p><LI>twardo\u015b\u0107 ostrza 52-54 HRC  <LI>r\u0119koje\u015b\u0107 dopasowana w spos\u00f3b uniemo\u017cliwiaj\u0105cy gromadzenie si\u0119 resztek w miejscach \u0142\u0105czenia  <LI>ostrza no\u017ca ze stali nierdzewnej utwardzanej przez walcowanie  <LI>mo\u017cna my\u0107 i wyparza\u0107 w zmywarce  <LI>wymiar L d\u0142ugo\u015b\u0107 cz\u0119\u015bci roboczej  <\/p>\n","protected":false},"excerpt":{"rendered":"<p>twardo\u015b\u0107 ostrza 52-54 HRC r\u0119koje\u015b\u0107 dopasowana w spos\u00f3b uniemo\u017cliwiaj\u0105cy gromadzenie si\u0119 resztek w miejscach \u0142\u0105czenia ostrza no\u017ca ze stali nierdzewnej utwardzanej przez walcowanie mo\u017cna my\u0107 i wyparza\u0107 w zmywarce wymiar L d\u0142ugo\u015b\u0107 cz\u0119\u015bci roboczej<\/p>\n","protected":false},"featured_media":12922,"template":"","meta":{"_et_pb_use_builder":"","_et_pb_old_content":"","_et_gb_content_width":""},"pwb-brand":[62],"product_brand":[],"product_cat":[158],"product_tag":[],"class_list":{"0":"post-8046","1":"product","2":"type-product","3":"status-publish","4":"has-post-thumbnail","6":"pwb-brand-stalgast","7":"product_cat-widelce-do-mies","9":"first","10":"instock","11":"taxable","12":"shipping-taxable","13":"purchasable","14":"product-type-simple"},"brands":[{"id":62,"name":"Stalgast","slug":"stalgast"}],"_links":{"self":[{"href":"https:\/\/www.multifrigo.pl\/sklep\/wp-json\/wp\/v2\/product\/8046","targetHints":{"allow":["GET"]}}],"collection":[{"href":"https:\/\/www.multifrigo.pl\/sklep\/wp-json\/wp\/v2\/product"}],"about":[{"href":"https:\/\/www.multifrigo.pl\/sklep\/wp-json\/wp\/v2\/types\/product"}],"wp:featuredmedia":[{"embeddable":true,"href":"https:\/\/www.multifrigo.pl\/sklep\/wp-json\/wp\/v2\/media\/12922"}],"wp:attachment":[{"href":"https:\/\/www.multifrigo.pl\/sklep\/wp-json\/wp\/v2\/media?parent=8046"}],"wp:term":[{"taxonomy":"pwb-brand","embeddable":true,"href":"https:\/\/www.multifrigo.pl\/sklep\/wp-json\/wp\/v2\/pwb-brand?post=8046"},{"taxonomy":"product_brand","embeddable":true,"href":"https:\/\/www.multifrigo.pl\/sklep\/wp-json\/wp\/v2\/product_brand?post=8046"},{"taxonomy":"product_cat","embeddable":true,"href":"https:\/\/www.multifrigo.pl\/sklep\/wp-json\/wp\/v2\/product_cat?post=8046"},{"taxonomy":"product_tag","embeddable":true,"href":"https:\/\/www.multifrigo.pl\/sklep\/wp-json\/wp\/v2\/product_tag?post=8046"}],"curies":[{"name":"wp","href":"https:\/\/api.w.org\/{rel}","templated":true}]}}