{"id":8051,"date":"2024-07-03T12:52:11","date_gmt":"2024-07-03T12:52:11","guid":{"rendered":"https:\/\/multifrigo.pl\/sklep\/produkt\/stalka-ostrzalka-do-nozy-sanelli-l-300-mm-sanelli-212300\/"},"modified":"2025-05-19T11:13:15","modified_gmt":"2025-05-19T11:13:15","slug":"stalka-ostrzalka-do-nozy-sanelli-l-300-mm-sanelli-212300","status":"publish","type":"product","link":"https:\/\/www.multifrigo.pl\/sklep\/produkt\/stalka-ostrzalka-do-nozy-sanelli-l-300-mm-sanelli-212300\/","title":{"rendered":"Stalka, ostrza\u0142ka do no\u017cy, Sanelli, L 300 mm | Sanelli 212300"},"content":{"rendered":"<p><LI>antypo\u015blizgowa r\u0119koje\u015b\u0107 wykonana z dw\u00f3ch rodzaj\u00f3w tworzywa, twardego (kolor czerwony), oraz mi\u0119kkiego (kolor zielony)  <LI>ostrze ze stali chromowo-molibdenowej, o twardo\u015bci 54-56 HRC  <LI>mo\u017cna my\u0107 i wyparza\u0107 w zmywarce  <LI>wymiar L d\u0142ugo\u015b\u0107 cz\u0119\u015bci roboczej  <\/p>\n","protected":false},"excerpt":{"rendered":"<p>antypo\u015blizgowa r\u0119koje\u015b\u0107 wykonana z dw\u00f3ch rodzaj\u00f3w tworzywa, twardego (kolor czerwony), oraz mi\u0119kkiego (kolor zielony) ostrze ze stali chromowo-molibdenowej, o twardo\u015bci 54-56 HRC mo\u017cna my\u0107 i wyparza\u0107 w zmywarce wymiar L d\u0142ugo\u015b\u0107 cz\u0119\u015bci roboczej<\/p>\n","protected":false},"featured_media":12928,"template":"","meta":{"_et_pb_use_builder":"","_et_pb_old_content":"","_et_gb_content_width":""},"pwb-brand":[163],"product_brand":[],"product_cat":[160],"product_tag":[],"class_list":{"0":"post-8051","1":"product","2":"type-product","3":"status-publish","4":"has-post-thumbnail","6":"pwb-brand-sanelli","7":"product_cat-ostrzalki-reczne","9":"first","10":"instock","11":"taxable","12":"shipping-taxable","13":"purchasable","14":"product-type-simple"},"brands":[{"id":163,"name":"Sanelli","slug":"sanelli"}],"_links":{"self":[{"href":"https:\/\/www.multifrigo.pl\/sklep\/wp-json\/wp\/v2\/product\/8051","targetHints":{"allow":["GET"]}}],"collection":[{"href":"https:\/\/www.multifrigo.pl\/sklep\/wp-json\/wp\/v2\/product"}],"about":[{"href":"https:\/\/www.multifrigo.pl\/sklep\/wp-json\/wp\/v2\/types\/product"}],"wp:featuredmedia":[{"embeddable":true,"href":"https:\/\/www.multifrigo.pl\/sklep\/wp-json\/wp\/v2\/media\/12928"}],"wp:attachment":[{"href":"https:\/\/www.multifrigo.pl\/sklep\/wp-json\/wp\/v2\/media?parent=8051"}],"wp:term":[{"taxonomy":"pwb-brand","embeddable":true,"href":"https:\/\/www.multifrigo.pl\/sklep\/wp-json\/wp\/v2\/pwb-brand?post=8051"},{"taxonomy":"product_brand","embeddable":true,"href":"https:\/\/www.multifrigo.pl\/sklep\/wp-json\/wp\/v2\/product_brand?post=8051"},{"taxonomy":"product_cat","embeddable":true,"href":"https:\/\/www.multifrigo.pl\/sklep\/wp-json\/wp\/v2\/product_cat?post=8051"},{"taxonomy":"product_tag","embeddable":true,"href":"https:\/\/www.multifrigo.pl\/sklep\/wp-json\/wp\/v2\/product_tag?post=8051"}],"curies":[{"name":"wp","href":"https:\/\/api.w.org\/{rel}","templated":true}]}}