{"id":8053,"date":"2024-07-03T12:52:12","date_gmt":"2024-07-03T12:52:12","guid":{"rendered":"https:\/\/multifrigo.pl\/sklep\/produkt\/tasak-sanelli-l-160-mm-sanelli-213160\/"},"modified":"2025-05-19T11:13:17","modified_gmt":"2025-05-19T11:13:17","slug":"tasak-sanelli-l-160-mm-sanelli-213160","status":"publish","type":"product","link":"https:\/\/www.multifrigo.pl\/sklep\/produkt\/tasak-sanelli-l-160-mm-sanelli-213160\/","title":{"rendered":"Tasak, Sanelli, L 160 mm | Sanelli 213160"},"content":{"rendered":"<p><LI>antypo\u015blizgowa r\u0119koje\u015b\u0107 wykonana z tworzywa  <LI>ostrze ze stali chromowo-molibdenowej  <LI>wymiar L d\u0142ugo\u015b\u0107 ostrza  <\/p>\n","protected":false},"excerpt":{"rendered":"<p>antypo\u015blizgowa r\u0119koje\u015b\u0107 wykonana z tworzywa ostrze ze stali chromowo-molibdenowej wymiar L d\u0142ugo\u015b\u0107 ostrza<\/p>\n","protected":false},"featured_media":12931,"template":"","meta":{"_et_pb_use_builder":"","_et_pb_old_content":"","_et_gb_content_width":""},"pwb-brand":[163],"product_brand":[],"product_cat":[161],"product_tag":[],"class_list":{"0":"post-8053","1":"product","2":"type-product","3":"status-publish","4":"has-post-thumbnail","6":"pwb-brand-sanelli","7":"product_cat-topory-i-tasaki","9":"first","10":"instock","11":"taxable","12":"shipping-taxable","13":"purchasable","14":"product-type-simple"},"brands":[{"id":163,"name":"Sanelli","slug":"sanelli"}],"_links":{"self":[{"href":"https:\/\/www.multifrigo.pl\/sklep\/wp-json\/wp\/v2\/product\/8053","targetHints":{"allow":["GET"]}}],"collection":[{"href":"https:\/\/www.multifrigo.pl\/sklep\/wp-json\/wp\/v2\/product"}],"about":[{"href":"https:\/\/www.multifrigo.pl\/sklep\/wp-json\/wp\/v2\/types\/product"}],"wp:featuredmedia":[{"embeddable":true,"href":"https:\/\/www.multifrigo.pl\/sklep\/wp-json\/wp\/v2\/media\/12931"}],"wp:attachment":[{"href":"https:\/\/www.multifrigo.pl\/sklep\/wp-json\/wp\/v2\/media?parent=8053"}],"wp:term":[{"taxonomy":"pwb-brand","embeddable":true,"href":"https:\/\/www.multifrigo.pl\/sklep\/wp-json\/wp\/v2\/pwb-brand?post=8053"},{"taxonomy":"product_brand","embeddable":true,"href":"https:\/\/www.multifrigo.pl\/sklep\/wp-json\/wp\/v2\/product_brand?post=8053"},{"taxonomy":"product_cat","embeddable":true,"href":"https:\/\/www.multifrigo.pl\/sklep\/wp-json\/wp\/v2\/product_cat?post=8053"},{"taxonomy":"product_tag","embeddable":true,"href":"https:\/\/www.multifrigo.pl\/sklep\/wp-json\/wp\/v2\/product_tag?post=8053"}],"curies":[{"name":"wp","href":"https:\/\/api.w.org\/{rel}","templated":true}]}}