{"id":8083,"date":"2024-07-03T12:52:17","date_gmt":"2024-07-03T12:52:17","guid":{"rendered":"https:\/\/multifrigo.pl\/sklep\/produkt\/ostrzalka-elektryczna-diamentowa-do-nozy-stalgast-242001\/"},"modified":"2025-05-19T11:13:57","modified_gmt":"2025-05-19T11:13:57","slug":"ostrzalka-elektryczna-diamentowa-do-nozy-stalgast-242001","status":"publish","type":"product","link":"https:\/\/www.multifrigo.pl\/sklep\/produkt\/ostrzalka-elektryczna-diamentowa-do-nozy-stalgast-242001\/","title":{"rendered":"Ostrza\u0142ka elektryczna, diamentowa do no\u017cy | Stalgast 242001"},"content":{"rendered":"<p><LI>max. k\u0105t ostrzenia 28 stopni, proces ostrzenia odbywa si\u0119 bez udzia\u0142u wody, diamentowy kamie\u0144 ostrz\u0105cy, nie niszczy i nie przegrzewa stali ostrza, mo\u017cliwo\u015bc ostrzenia no\u017cy ceramicznych, pojemnik na opi\u0142ki  <\/p>\n","protected":false},"excerpt":{"rendered":"<p>max. k\u0105t ostrzenia 28 stopni, proces ostrzenia odbywa si\u0119 bez udzia\u0142u wody, diamentowy kamie\u0144 ostrz\u0105cy, nie niszczy i nie przegrzewa stali ostrza, mo\u017cliwo\u015bc ostrzenia no\u017cy ceramicznych, pojemnik na opi\u0142ki<\/p>\n","protected":false},"featured_media":13001,"template":"","meta":{"_et_pb_use_builder":"","_et_pb_old_content":"","_et_gb_content_width":""},"pwb-brand":[62],"product_brand":[],"product_cat":[168],"product_tag":[],"class_list":{"0":"post-8083","1":"product","2":"type-product","3":"status-publish","4":"has-post-thumbnail","6":"pwb-brand-stalgast","7":"product_cat-ostrzalki-elektryczne","9":"first","10":"instock","11":"taxable","12":"shipping-taxable","13":"purchasable","14":"product-type-simple"},"brands":[{"id":62,"name":"Stalgast","slug":"stalgast"}],"_links":{"self":[{"href":"https:\/\/www.multifrigo.pl\/sklep\/wp-json\/wp\/v2\/product\/8083","targetHints":{"allow":["GET"]}}],"collection":[{"href":"https:\/\/www.multifrigo.pl\/sklep\/wp-json\/wp\/v2\/product"}],"about":[{"href":"https:\/\/www.multifrigo.pl\/sklep\/wp-json\/wp\/v2\/types\/product"}],"wp:featuredmedia":[{"embeddable":true,"href":"https:\/\/www.multifrigo.pl\/sklep\/wp-json\/wp\/v2\/media\/13001"}],"wp:attachment":[{"href":"https:\/\/www.multifrigo.pl\/sklep\/wp-json\/wp\/v2\/media?parent=8083"}],"wp:term":[{"taxonomy":"pwb-brand","embeddable":true,"href":"https:\/\/www.multifrigo.pl\/sklep\/wp-json\/wp\/v2\/pwb-brand?post=8083"},{"taxonomy":"product_brand","embeddable":true,"href":"https:\/\/www.multifrigo.pl\/sklep\/wp-json\/wp\/v2\/product_brand?post=8083"},{"taxonomy":"product_cat","embeddable":true,"href":"https:\/\/www.multifrigo.pl\/sklep\/wp-json\/wp\/v2\/product_cat?post=8083"},{"taxonomy":"product_tag","embeddable":true,"href":"https:\/\/www.multifrigo.pl\/sklep\/wp-json\/wp\/v2\/product_tag?post=8083"}],"curies":[{"name":"wp","href":"https:\/\/api.w.org\/{rel}","templated":true}]}}