{"id":8087,"date":"2024-07-03T12:52:19","date_gmt":"2024-07-03T12:52:19","guid":{"rendered":"https:\/\/multifrigo.pl\/sklep\/produkt\/ostrzalka-do-nozy-victor-sharpener-l-145-mm-victor-247500\/"},"modified":"2025-05-19T11:13:59","modified_gmt":"2025-05-19T11:13:59","slug":"ostrzalka-do-nozy-victor-sharpener-l-145-mm-victor-247500","status":"publish","type":"product","link":"https:\/\/www.multifrigo.pl\/sklep\/produkt\/ostrzalka-do-nozy-victor-sharpener-l-145-mm-victor-247500\/","title":{"rendered":"Ostrza\u0142ka do no\u017cy, Victor Sharpener, L 145 mm | Victor 247500"},"content":{"rendered":"<p><LI>wygodny uchwyt zapewniaj\u0105cy bezpiecze\u0144stwo podczas ostrzenia  <LI>ostrzy r\u00f3wnie\u017c no\u017ce z\u0105bkowane  <LI>cze\u015b\u0107 ostrz\u0105ca wykonana z w\u0119glika wolframu  <LI>\u0142atwa w u\u017cyciu  <LI>NIE NALE\u017bY dociska\u0107 ostrza\u0142ki podczas ostrzenia  <\/p>\n","protected":false},"excerpt":{"rendered":"<p>wygodny uchwyt zapewniaj\u0105cy bezpiecze\u0144stwo podczas ostrzenia ostrzy r\u00f3wnie\u017c no\u017ce z\u0105bkowane cze\u015b\u0107 ostrz\u0105ca wykonana z w\u0119glika wolframu \u0142atwa w u\u017cyciu NIE NALE\u017bY dociska\u0107 ostrza\u0142ki podczas ostrzenia<\/p>\n","protected":false},"featured_media":13015,"template":"","meta":{"_et_pb_use_builder":"","_et_pb_old_content":"","_et_gb_content_width":""},"pwb-brand":[177],"product_brand":[],"product_cat":[160],"product_tag":[],"class_list":{"0":"post-8087","1":"product","2":"type-product","3":"status-publish","4":"has-post-thumbnail","6":"pwb-brand-victor","7":"product_cat-ostrzalki-reczne","9":"first","10":"instock","11":"taxable","12":"shipping-taxable","13":"purchasable","14":"product-type-simple"},"brands":[{"id":177,"name":"Victor","slug":"victor"}],"_links":{"self":[{"href":"https:\/\/www.multifrigo.pl\/sklep\/wp-json\/wp\/v2\/product\/8087","targetHints":{"allow":["GET"]}}],"collection":[{"href":"https:\/\/www.multifrigo.pl\/sklep\/wp-json\/wp\/v2\/product"}],"about":[{"href":"https:\/\/www.multifrigo.pl\/sklep\/wp-json\/wp\/v2\/types\/product"}],"wp:featuredmedia":[{"embeddable":true,"href":"https:\/\/www.multifrigo.pl\/sklep\/wp-json\/wp\/v2\/media\/13015"}],"wp:attachment":[{"href":"https:\/\/www.multifrigo.pl\/sklep\/wp-json\/wp\/v2\/media?parent=8087"}],"wp:term":[{"taxonomy":"pwb-brand","embeddable":true,"href":"https:\/\/www.multifrigo.pl\/sklep\/wp-json\/wp\/v2\/pwb-brand?post=8087"},{"taxonomy":"product_brand","embeddable":true,"href":"https:\/\/www.multifrigo.pl\/sklep\/wp-json\/wp\/v2\/product_brand?post=8087"},{"taxonomy":"product_cat","embeddable":true,"href":"https:\/\/www.multifrigo.pl\/sklep\/wp-json\/wp\/v2\/product_cat?post=8087"},{"taxonomy":"product_tag","embeddable":true,"href":"https:\/\/www.multifrigo.pl\/sklep\/wp-json\/wp\/v2\/product_tag?post=8087"}],"curies":[{"name":"wp","href":"https:\/\/api.w.org\/{rel}","templated":true}]}}