{"id":8089,"date":"2024-07-03T12:52:19","date_gmt":"2024-07-03T12:52:19","guid":{"rendered":"https:\/\/multifrigo.pl\/sklep\/produkt\/ostrzalka-do-nozy-l-145-mm-stalgast-247502\/"},"modified":"2025-05-19T11:14:00","modified_gmt":"2025-05-19T11:14:00","slug":"ostrzalka-do-nozy-l-145-mm-stalgast-247502","status":"publish","type":"product","link":"https:\/\/www.multifrigo.pl\/sklep\/produkt\/ostrzalka-do-nozy-l-145-mm-stalgast-247502\/","title":{"rendered":"Ostrza\u0142ka do no\u017cy, L 145 mm | Stalgast 247502"},"content":{"rendered":"<p><LI>zalecana do u\u017cytkowania z no\u017cami o prostej kraw\u0119dzi  <LI>ko\u0142a ostrz\u0105ce 360 stopni wyd\u0142u\u017caj\u0105 okres eksploatacji ostrza\u0142ki  <LI>ostrzy jednocze\u015bnie obie strony no\u017ca  <LI>polecana dla os\u00f3b lewo i prawor\u0119cznych  <LI>posiada przyssawk\u0119 i antypo\u015blizgowe n\u00f3\u017cki, kt\u00f3re utrzymuj\u0105 ostrza\u0142k\u0119 w bezpiecznym miejscu  <LI>system ostrzenia 360 stopni utrzymuje ostrze w sta\u0142ej pozycji eliminuj\u0105c drgania  <LI>precyzja k\u00f3\u0142 ostrz\u0105cych wynosi ~ 0.01 mm  <LI>ostrza wykonane ze stali wolframowej  <\/p>\n","protected":false},"excerpt":{"rendered":"<p>zalecana do u\u017cytkowania z no\u017cami o prostej kraw\u0119dzi ko\u0142a ostrz\u0105ce 360 stopni wyd\u0142u\u017caj\u0105 okres eksploatacji ostrza\u0142ki ostrzy jednocze\u015bnie obie strony no\u017ca polecana dla os\u00f3b lewo i prawor\u0119cznych posiada przyssawk\u0119 i antypo\u015blizgowe n\u00f3\u017cki, kt\u00f3re utrzymuj\u0105 ostrza\u0142k\u0119 w bezpiecznym miejscu system ostrzenia 360 stopni utrzymuje ostrze w sta\u0142ej pozycji eliminuj\u0105c drgania precyzja k\u00f3\u0142 ostrz\u0105cych wynosi ~ 0.01 [&hellip;]<\/p>\n","protected":false},"featured_media":13017,"template":"","meta":{"_et_pb_use_builder":"","_et_pb_old_content":"","_et_gb_content_width":""},"pwb-brand":[62],"product_brand":[],"product_cat":[160],"product_tag":[],"class_list":{"0":"post-8089","1":"product","2":"type-product","3":"status-publish","4":"has-post-thumbnail","6":"pwb-brand-stalgast","7":"product_cat-ostrzalki-reczne","9":"first","10":"instock","11":"taxable","12":"shipping-taxable","13":"purchasable","14":"product-type-simple"},"brands":[{"id":62,"name":"Stalgast","slug":"stalgast"}],"_links":{"self":[{"href":"https:\/\/www.multifrigo.pl\/sklep\/wp-json\/wp\/v2\/product\/8089","targetHints":{"allow":["GET"]}}],"collection":[{"href":"https:\/\/www.multifrigo.pl\/sklep\/wp-json\/wp\/v2\/product"}],"about":[{"href":"https:\/\/www.multifrigo.pl\/sklep\/wp-json\/wp\/v2\/types\/product"}],"wp:featuredmedia":[{"embeddable":true,"href":"https:\/\/www.multifrigo.pl\/sklep\/wp-json\/wp\/v2\/media\/13017"}],"wp:attachment":[{"href":"https:\/\/www.multifrigo.pl\/sklep\/wp-json\/wp\/v2\/media?parent=8089"}],"wp:term":[{"taxonomy":"pwb-brand","embeddable":true,"href":"https:\/\/www.multifrigo.pl\/sklep\/wp-json\/wp\/v2\/pwb-brand?post=8089"},{"taxonomy":"product_brand","embeddable":true,"href":"https:\/\/www.multifrigo.pl\/sklep\/wp-json\/wp\/v2\/product_brand?post=8089"},{"taxonomy":"product_cat","embeddable":true,"href":"https:\/\/www.multifrigo.pl\/sklep\/wp-json\/wp\/v2\/product_cat?post=8089"},{"taxonomy":"product_tag","embeddable":true,"href":"https:\/\/www.multifrigo.pl\/sklep\/wp-json\/wp\/v2\/product_tag?post=8089"}],"curies":[{"name":"wp","href":"https:\/\/api.w.org\/{rel}","templated":true}]}}