{"id":8100,"date":"2024-07-03T12:52:21","date_gmt":"2024-07-03T12:52:21","guid":{"rendered":"https:\/\/multifrigo.pl\/sklep\/produkt\/szpatula-l-100-mm-stalgast-261090\/"},"modified":"2025-05-19T11:14:10","modified_gmt":"2025-05-19T11:14:10","slug":"szpatula-l-100-mm-stalgast-261090","status":"publish","type":"product","link":"https:\/\/www.multifrigo.pl\/sklep\/produkt\/szpatula-l-100-mm-stalgast-261090\/","title":{"rendered":"Szpatu\u0142a, L 100 mm | Stalgast 261090"},"content":{"rendered":"<p><LI>wygodna r\u0105czka z otworem do zawieszenia  <LI>powierzchnia robocza ~99&#215;20 mm  <LI>d\u0142ugo\u015b\u0107 ca\u0142kowita L 240 mm, H 60 mm  <LI>szeroko\u015b\u0107 uchwytu ~ 38 mm  <\/p>\n","protected":false},"excerpt":{"rendered":"<p>wygodna r\u0105czka z otworem do zawieszenia powierzchnia robocza ~99&#215;20 mm d\u0142ugo\u015b\u0107 ca\u0142kowita L 240 mm, H 60 mm szeroko\u015b\u0107 uchwytu ~ 38 mm<\/p>\n","protected":false},"featured_media":13036,"template":"","meta":{"_et_pb_use_builder":"","_et_pb_old_content":"","_et_gb_content_width":""},"pwb-brand":[62],"product_brand":[],"product_cat":[173],"product_tag":[],"class_list":{"0":"post-8100","1":"product","2":"type-product","3":"status-publish","4":"has-post-thumbnail","6":"pwb-brand-stalgast","7":"product_cat-szpatuly-cukiernicze","9":"first","10":"instock","11":"taxable","12":"shipping-taxable","13":"purchasable","14":"product-type-simple"},"brands":[{"id":62,"name":"Stalgast","slug":"stalgast"}],"_links":{"self":[{"href":"https:\/\/www.multifrigo.pl\/sklep\/wp-json\/wp\/v2\/product\/8100","targetHints":{"allow":["GET"]}}],"collection":[{"href":"https:\/\/www.multifrigo.pl\/sklep\/wp-json\/wp\/v2\/product"}],"about":[{"href":"https:\/\/www.multifrigo.pl\/sklep\/wp-json\/wp\/v2\/types\/product"}],"wp:featuredmedia":[{"embeddable":true,"href":"https:\/\/www.multifrigo.pl\/sklep\/wp-json\/wp\/v2\/media\/13036"}],"wp:attachment":[{"href":"https:\/\/www.multifrigo.pl\/sklep\/wp-json\/wp\/v2\/media?parent=8100"}],"wp:term":[{"taxonomy":"pwb-brand","embeddable":true,"href":"https:\/\/www.multifrigo.pl\/sklep\/wp-json\/wp\/v2\/pwb-brand?post=8100"},{"taxonomy":"product_brand","embeddable":true,"href":"https:\/\/www.multifrigo.pl\/sklep\/wp-json\/wp\/v2\/product_brand?post=8100"},{"taxonomy":"product_cat","embeddable":true,"href":"https:\/\/www.multifrigo.pl\/sklep\/wp-json\/wp\/v2\/product_cat?post=8100"},{"taxonomy":"product_tag","embeddable":true,"href":"https:\/\/www.multifrigo.pl\/sklep\/wp-json\/wp\/v2\/product_tag?post=8100"}],"curies":[{"name":"wp","href":"https:\/\/api.w.org\/{rel}","templated":true}]}}