{"id":8102,"date":"2024-07-03T12:52:21","date_gmt":"2024-07-03T12:52:21","guid":{"rendered":"https:\/\/multifrigo.pl\/sklep\/produkt\/szpatula-cukiernicza-elastyczna-l-300-mm-stalgast-261300\/"},"modified":"2025-05-19T11:14:19","modified_gmt":"2025-05-19T11:14:19","slug":"szpatula-cukiernicza-elastyczna-l-300-mm-stalgast-261300","status":"publish","type":"product","link":"https:\/\/www.multifrigo.pl\/sklep\/produkt\/szpatula-cukiernicza-elastyczna-l-300-mm-stalgast-261300\/","title":{"rendered":"Szpatu\u0142a cukiernicza, elastyczna, L 300 mm | Stalgast 261300"},"content":{"rendered":"<p><LI>elastyczna cz\u0119\u015b\u0107 robocza wykonana ze stali nierdzewnej  <LI>wygodne r\u0119koje\u015bci z tworzywa  <LI>do ciast i krem\u00f3w  <\/p>\n","protected":false},"excerpt":{"rendered":"<p>elastyczna cz\u0119\u015b\u0107 robocza wykonana ze stali nierdzewnej wygodne r\u0119koje\u015bci z tworzywa do ciast i krem\u00f3w<\/p>\n","protected":false},"featured_media":13038,"template":"","meta":{"_et_pb_use_builder":"","_et_pb_old_content":"","_et_gb_content_width":""},"pwb-brand":[62],"product_brand":[],"product_cat":[173],"product_tag":[],"class_list":{"0":"post-8102","1":"product","2":"type-product","3":"status-publish","4":"has-post-thumbnail","6":"pwb-brand-stalgast","7":"product_cat-szpatuly-cukiernicze","9":"first","10":"instock","11":"taxable","12":"shipping-taxable","13":"purchasable","14":"product-type-simple"},"brands":[{"id":62,"name":"Stalgast","slug":"stalgast"}],"_links":{"self":[{"href":"https:\/\/www.multifrigo.pl\/sklep\/wp-json\/wp\/v2\/product\/8102","targetHints":{"allow":["GET"]}}],"collection":[{"href":"https:\/\/www.multifrigo.pl\/sklep\/wp-json\/wp\/v2\/product"}],"about":[{"href":"https:\/\/www.multifrigo.pl\/sklep\/wp-json\/wp\/v2\/types\/product"}],"wp:featuredmedia":[{"embeddable":true,"href":"https:\/\/www.multifrigo.pl\/sklep\/wp-json\/wp\/v2\/media\/13038"}],"wp:attachment":[{"href":"https:\/\/www.multifrigo.pl\/sklep\/wp-json\/wp\/v2\/media?parent=8102"}],"wp:term":[{"taxonomy":"pwb-brand","embeddable":true,"href":"https:\/\/www.multifrigo.pl\/sklep\/wp-json\/wp\/v2\/pwb-brand?post=8102"},{"taxonomy":"product_brand","embeddable":true,"href":"https:\/\/www.multifrigo.pl\/sklep\/wp-json\/wp\/v2\/product_brand?post=8102"},{"taxonomy":"product_cat","embeddable":true,"href":"https:\/\/www.multifrigo.pl\/sklep\/wp-json\/wp\/v2\/product_cat?post=8102"},{"taxonomy":"product_tag","embeddable":true,"href":"https:\/\/www.multifrigo.pl\/sklep\/wp-json\/wp\/v2\/product_tag?post=8102"}],"curies":[{"name":"wp","href":"https:\/\/api.w.org\/{rel}","templated":true}]}}