{"id":8120,"date":"2024-07-03T12:52:24","date_gmt":"2024-07-03T12:52:24","guid":{"rendered":"https:\/\/multifrigo.pl\/sklep\/produkt\/noz-do-filetowania-haccp-czerwony-l-160-mm-stalgast-282151\/"},"modified":"2025-05-19T11:14:43","modified_gmt":"2025-05-19T11:14:43","slug":"noz-do-filetowania-haccp-czerwony-l-160-mm-stalgast-282151","status":"publish","type":"product","link":"https:\/\/www.multifrigo.pl\/sklep\/produkt\/noz-do-filetowania-haccp-czerwony-l-160-mm-stalgast-282151\/","title":{"rendered":"N\u00f3\u017c do filetowania, HACCP, czerwony, L 160 mm | Stalgast 282151"},"content":{"rendered":"<p><LI>kolorowy uchwyt  <LI>mo\u017cna my\u0107 i wyparza\u0107 w zmywarce  <LI>ostrze wykonane ze stali nierdzewnej  <\/p>\n","protected":false},"excerpt":{"rendered":"<p>kolorowy uchwyt mo\u017cna my\u0107 i wyparza\u0107 w zmywarce ostrze wykonane ze stali nierdzewnej<\/p>\n","protected":false},"featured_media":13071,"template":"","meta":{"_et_pb_use_builder":"","_et_pb_old_content":"","_et_gb_content_width":""},"pwb-brand":[62],"product_brand":[],"product_cat":[156],"product_tag":[],"class_list":{"0":"post-8120","1":"product","2":"type-product","3":"status-publish","4":"has-post-thumbnail","6":"pwb-brand-stalgast","7":"product_cat-noze-do-ryb","9":"first","10":"instock","11":"taxable","12":"shipping-taxable","13":"purchasable","14":"product-type-simple"},"brands":[{"id":62,"name":"Stalgast","slug":"stalgast"}],"_links":{"self":[{"href":"https:\/\/www.multifrigo.pl\/sklep\/wp-json\/wp\/v2\/product\/8120","targetHints":{"allow":["GET"]}}],"collection":[{"href":"https:\/\/www.multifrigo.pl\/sklep\/wp-json\/wp\/v2\/product"}],"about":[{"href":"https:\/\/www.multifrigo.pl\/sklep\/wp-json\/wp\/v2\/types\/product"}],"wp:featuredmedia":[{"embeddable":true,"href":"https:\/\/www.multifrigo.pl\/sklep\/wp-json\/wp\/v2\/media\/13071"}],"wp:attachment":[{"href":"https:\/\/www.multifrigo.pl\/sklep\/wp-json\/wp\/v2\/media?parent=8120"}],"wp:term":[{"taxonomy":"pwb-brand","embeddable":true,"href":"https:\/\/www.multifrigo.pl\/sklep\/wp-json\/wp\/v2\/pwb-brand?post=8120"},{"taxonomy":"product_brand","embeddable":true,"href":"https:\/\/www.multifrigo.pl\/sklep\/wp-json\/wp\/v2\/product_brand?post=8120"},{"taxonomy":"product_cat","embeddable":true,"href":"https:\/\/www.multifrigo.pl\/sklep\/wp-json\/wp\/v2\/product_cat?post=8120"},{"taxonomy":"product_tag","embeddable":true,"href":"https:\/\/www.multifrigo.pl\/sklep\/wp-json\/wp\/v2\/product_tag?post=8120"}],"curies":[{"name":"wp","href":"https:\/\/api.w.org\/{rel}","templated":true}]}}