{"id":8126,"date":"2024-07-03T12:52:25","date_gmt":"2024-07-03T12:52:25","guid":{"rendered":"https:\/\/multifrigo.pl\/sklep\/produkt\/noz-do-miesa-haccp-czerwony-l-190-mm-stalgast-283107\/"},"modified":"2025-05-19T11:14:48","modified_gmt":"2025-05-19T11:14:48","slug":"noz-do-miesa-haccp-czerwony-l-190-mm-stalgast-283107","status":"publish","type":"product","link":"https:\/\/www.multifrigo.pl\/sklep\/produkt\/noz-do-miesa-haccp-czerwony-l-190-mm-stalgast-283107\/","title":{"rendered":"N\u00f3\u017c do mi\u0119sa, HACCP, czerwony,  L 190 mm | Stalgast 283107"},"content":{"rendered":"<p><LI>g\u0142adkie ostrze wykonane ze stali chromowo-molibdenowo-wanadowej X50CrMoV15  <LI>wygodny, lekki uchwyt wykonany z tworzywa (PP)  <LI>idealny do krojenia mi\u0119sa  <\/p>\n","protected":false},"excerpt":{"rendered":"<p>g\u0142adkie ostrze wykonane ze stali chromowo-molibdenowo-wanadowej X50CrMoV15 wygodny, lekki uchwyt wykonany z tworzywa (PP) idealny do krojenia mi\u0119sa<\/p>\n","protected":false},"featured_media":13079,"template":"","meta":{"_et_pb_use_builder":"","_et_pb_old_content":"","_et_gb_content_width":""},"pwb-brand":[62],"product_brand":[],"product_cat":[154],"product_tag":[],"class_list":{"0":"post-8126","1":"product","2":"type-product","3":"status-publish","4":"has-post-thumbnail","6":"pwb-brand-stalgast","7":"product_cat-noze-do-miesa-surowego","9":"first","10":"instock","11":"taxable","12":"shipping-taxable","13":"purchasable","14":"product-type-simple"},"brands":[{"id":62,"name":"Stalgast","slug":"stalgast"}],"_links":{"self":[{"href":"https:\/\/www.multifrigo.pl\/sklep\/wp-json\/wp\/v2\/product\/8126","targetHints":{"allow":["GET"]}}],"collection":[{"href":"https:\/\/www.multifrigo.pl\/sklep\/wp-json\/wp\/v2\/product"}],"about":[{"href":"https:\/\/www.multifrigo.pl\/sklep\/wp-json\/wp\/v2\/types\/product"}],"wp:featuredmedia":[{"embeddable":true,"href":"https:\/\/www.multifrigo.pl\/sklep\/wp-json\/wp\/v2\/media\/13079"}],"wp:attachment":[{"href":"https:\/\/www.multifrigo.pl\/sklep\/wp-json\/wp\/v2\/media?parent=8126"}],"wp:term":[{"taxonomy":"pwb-brand","embeddable":true,"href":"https:\/\/www.multifrigo.pl\/sklep\/wp-json\/wp\/v2\/pwb-brand?post=8126"},{"taxonomy":"product_brand","embeddable":true,"href":"https:\/\/www.multifrigo.pl\/sklep\/wp-json\/wp\/v2\/product_brand?post=8126"},{"taxonomy":"product_cat","embeddable":true,"href":"https:\/\/www.multifrigo.pl\/sklep\/wp-json\/wp\/v2\/product_cat?post=8126"},{"taxonomy":"product_tag","embeddable":true,"href":"https:\/\/www.multifrigo.pl\/sklep\/wp-json\/wp\/v2\/product_tag?post=8126"}],"curies":[{"name":"wp","href":"https:\/\/api.w.org\/{rel}","templated":true}]}}