{"id":8127,"date":"2024-07-03T12:52:26","date_gmt":"2024-07-03T12:52:26","guid":{"rendered":"https:\/\/multifrigo.pl\/sklep\/produkt\/noz-do-oddzielania-kosci-haccp-czerwony-l-145-mm-stalgast-283117\/"},"modified":"2025-05-19T11:14:48","modified_gmt":"2025-05-19T11:14:48","slug":"noz-do-oddzielania-kosci-haccp-czerwony-l-145-mm-stalgast-283117","status":"publish","type":"product","link":"https:\/\/www.multifrigo.pl\/sklep\/produkt\/noz-do-oddzielania-kosci-haccp-czerwony-l-145-mm-stalgast-283117\/","title":{"rendered":"N\u00f3\u017c do oddzielania ko\u015bci, HACCP, czerwony, L 145 mm | Stalgast 283117"},"content":{"rendered":"<p><LI>g\u0142adkie ostrze wykonane ze stali chromowo-molibdenowo-wanadowej X50CrMoV15  <LI>wygodny, lekki uchwyt wykonany z tworzywa (PP)  <LI>idealny do krojenia mi\u0119sa, oddzielania ko\u015bci  <\/p>\n","protected":false},"excerpt":{"rendered":"<p>g\u0142adkie ostrze wykonane ze stali chromowo-molibdenowo-wanadowej X50CrMoV15 wygodny, lekki uchwyt wykonany z tworzywa (PP) idealny do krojenia mi\u0119sa, oddzielania ko\u015bci<\/p>\n","protected":false},"featured_media":13080,"template":"","meta":{"_et_pb_use_builder":"","_et_pb_old_content":"","_et_gb_content_width":""},"pwb-brand":[62],"product_brand":[],"product_cat":[154],"product_tag":[],"class_list":{"0":"post-8127","1":"product","2":"type-product","3":"status-publish","4":"has-post-thumbnail","6":"pwb-brand-stalgast","7":"product_cat-noze-do-miesa-surowego","9":"first","10":"instock","11":"taxable","12":"shipping-taxable","13":"purchasable","14":"product-type-simple"},"brands":[{"id":62,"name":"Stalgast","slug":"stalgast"}],"_links":{"self":[{"href":"https:\/\/www.multifrigo.pl\/sklep\/wp-json\/wp\/v2\/product\/8127","targetHints":{"allow":["GET"]}}],"collection":[{"href":"https:\/\/www.multifrigo.pl\/sklep\/wp-json\/wp\/v2\/product"}],"about":[{"href":"https:\/\/www.multifrigo.pl\/sklep\/wp-json\/wp\/v2\/types\/product"}],"wp:featuredmedia":[{"embeddable":true,"href":"https:\/\/www.multifrigo.pl\/sklep\/wp-json\/wp\/v2\/media\/13080"}],"wp:attachment":[{"href":"https:\/\/www.multifrigo.pl\/sklep\/wp-json\/wp\/v2\/media?parent=8127"}],"wp:term":[{"taxonomy":"pwb-brand","embeddable":true,"href":"https:\/\/www.multifrigo.pl\/sklep\/wp-json\/wp\/v2\/pwb-brand?post=8127"},{"taxonomy":"product_brand","embeddable":true,"href":"https:\/\/www.multifrigo.pl\/sklep\/wp-json\/wp\/v2\/product_brand?post=8127"},{"taxonomy":"product_cat","embeddable":true,"href":"https:\/\/www.multifrigo.pl\/sklep\/wp-json\/wp\/v2\/product_cat?post=8127"},{"taxonomy":"product_tag","embeddable":true,"href":"https:\/\/www.multifrigo.pl\/sklep\/wp-json\/wp\/v2\/product_tag?post=8127"}],"curies":[{"name":"wp","href":"https:\/\/api.w.org\/{rel}","templated":true}]}}