{"id":8128,"date":"2024-07-03T12:52:26","date_gmt":"2024-07-03T12:52:26","guid":{"rendered":"https:\/\/multifrigo.pl\/sklep\/produkt\/noz-do-serow-miekkich-bialy-l-130-mm-stalgast-283130\/"},"modified":"2025-05-19T11:14:49","modified_gmt":"2025-05-19T11:14:49","slug":"noz-do-serow-miekkich-bialy-l-130-mm-stalgast-283130","status":"publish","type":"product","link":"https:\/\/www.multifrigo.pl\/sklep\/produkt\/noz-do-serow-miekkich-bialy-l-130-mm-stalgast-283130\/","title":{"rendered":"N\u00f3\u017c do ser\u00f3w mi\u0119kkich, bia\u0142y, L 130 mm | Stalgast 283130"},"content":{"rendered":"<p><LI>g\u0142adkie ostrze wykonane ze stali chromowo-molibdenowo-wanadowej X50CrMoV15  <LI>wygodny, lekki uchwyt wykonany z tworzywa (PP)  <LI>idealny do ser\u00f3w mi\u0119kkich  <\/p>\n","protected":false},"excerpt":{"rendered":"<p>g\u0142adkie ostrze wykonane ze stali chromowo-molibdenowo-wanadowej X50CrMoV15 wygodny, lekki uchwyt wykonany z tworzywa (PP) idealny do ser\u00f3w mi\u0119kkich<\/p>\n","protected":false},"featured_media":13081,"template":"","meta":{"_et_pb_use_builder":"","_et_pb_old_content":"","_et_gb_content_width":""},"pwb-brand":[62],"product_brand":[],"product_cat":[167],"product_tag":[],"class_list":{"0":"post-8128","1":"product","2":"type-product","3":"status-publish","4":"has-post-thumbnail","6":"pwb-brand-stalgast","7":"product_cat-noze-do-serow","9":"first","10":"instock","11":"taxable","12":"shipping-taxable","13":"purchasable","14":"product-type-simple"},"brands":[{"id":62,"name":"Stalgast","slug":"stalgast"}],"_links":{"self":[{"href":"https:\/\/www.multifrigo.pl\/sklep\/wp-json\/wp\/v2\/product\/8128","targetHints":{"allow":["GET"]}}],"collection":[{"href":"https:\/\/www.multifrigo.pl\/sklep\/wp-json\/wp\/v2\/product"}],"about":[{"href":"https:\/\/www.multifrigo.pl\/sklep\/wp-json\/wp\/v2\/types\/product"}],"wp:featuredmedia":[{"embeddable":true,"href":"https:\/\/www.multifrigo.pl\/sklep\/wp-json\/wp\/v2\/media\/13081"}],"wp:attachment":[{"href":"https:\/\/www.multifrigo.pl\/sklep\/wp-json\/wp\/v2\/media?parent=8128"}],"wp:term":[{"taxonomy":"pwb-brand","embeddable":true,"href":"https:\/\/www.multifrigo.pl\/sklep\/wp-json\/wp\/v2\/pwb-brand?post=8128"},{"taxonomy":"product_brand","embeddable":true,"href":"https:\/\/www.multifrigo.pl\/sklep\/wp-json\/wp\/v2\/product_brand?post=8128"},{"taxonomy":"product_cat","embeddable":true,"href":"https:\/\/www.multifrigo.pl\/sklep\/wp-json\/wp\/v2\/product_cat?post=8128"},{"taxonomy":"product_tag","embeddable":true,"href":"https:\/\/www.multifrigo.pl\/sklep\/wp-json\/wp\/v2\/product_tag?post=8128"}],"curies":[{"name":"wp","href":"https:\/\/api.w.org\/{rel}","templated":true}]}}