{"id":8136,"date":"2024-07-03T12:52:28","date_gmt":"2024-07-03T12:52:28","guid":{"rendered":"https:\/\/multifrigo.pl\/sklep\/produkt\/noz-do-chleba-haccp-bialy-l-250-mm-stalgast-283226\/"},"modified":"2025-05-19T11:14:56","modified_gmt":"2025-05-19T11:14:56","slug":"noz-do-chleba-haccp-bialy-l-250-mm-stalgast-283226","status":"publish","type":"product","link":"https:\/\/www.multifrigo.pl\/sklep\/produkt\/noz-do-chleba-haccp-bialy-l-250-mm-stalgast-283226\/","title":{"rendered":"N\u00f3\u017c do chleba, HACCP, bia\u0142y, L 250 mm | Stalgast 283226"},"content":{"rendered":"<p><LI>falowane ostrze wykonane ze stali chromowo-molibdenowo-wanadowej X50CrMoV15  <LI>wygodny, lekki uchwyt wykonany z tworzywa (PP)  <LI>idealny do krojenia pieczywa  <\/p>\n","protected":false},"excerpt":{"rendered":"<p>falowane ostrze wykonane ze stali chromowo-molibdenowo-wanadowej X50CrMoV15 wygodny, lekki uchwyt wykonany z tworzywa (PP) idealny do krojenia pieczywa<\/p>\n","protected":false},"featured_media":13089,"template":"","meta":{"_et_pb_use_builder":"","_et_pb_old_content":"","_et_gb_content_width":""},"pwb-brand":[62],"product_brand":[],"product_cat":[165],"product_tag":[],"class_list":{"0":"post-8136","1":"product","2":"type-product","3":"status-publish","4":"has-post-thumbnail","6":"pwb-brand-stalgast","7":"product_cat-noze-do-pieczywa","9":"first","10":"instock","11":"taxable","12":"shipping-taxable","13":"purchasable","14":"product-type-simple"},"brands":[{"id":62,"name":"Stalgast","slug":"stalgast"}],"_links":{"self":[{"href":"https:\/\/www.multifrigo.pl\/sklep\/wp-json\/wp\/v2\/product\/8136","targetHints":{"allow":["GET"]}}],"collection":[{"href":"https:\/\/www.multifrigo.pl\/sklep\/wp-json\/wp\/v2\/product"}],"about":[{"href":"https:\/\/www.multifrigo.pl\/sklep\/wp-json\/wp\/v2\/types\/product"}],"wp:featuredmedia":[{"embeddable":true,"href":"https:\/\/www.multifrigo.pl\/sklep\/wp-json\/wp\/v2\/media\/13089"}],"wp:attachment":[{"href":"https:\/\/www.multifrigo.pl\/sklep\/wp-json\/wp\/v2\/media?parent=8136"}],"wp:term":[{"taxonomy":"pwb-brand","embeddable":true,"href":"https:\/\/www.multifrigo.pl\/sklep\/wp-json\/wp\/v2\/pwb-brand?post=8136"},{"taxonomy":"product_brand","embeddable":true,"href":"https:\/\/www.multifrigo.pl\/sklep\/wp-json\/wp\/v2\/product_brand?post=8136"},{"taxonomy":"product_cat","embeddable":true,"href":"https:\/\/www.multifrigo.pl\/sklep\/wp-json\/wp\/v2\/product_cat?post=8136"},{"taxonomy":"product_tag","embeddable":true,"href":"https:\/\/www.multifrigo.pl\/sklep\/wp-json\/wp\/v2\/product_tag?post=8136"}],"curies":[{"name":"wp","href":"https:\/\/api.w.org\/{rel}","templated":true}]}}