{"id":8150,"date":"2024-07-03T12:52:31","date_gmt":"2024-07-03T12:52:31","guid":{"rendered":"https:\/\/multifrigo.pl\/sklep\/produkt\/noz-do-obierania-uniwersalny-haccp-zielony-l-100-mm-stalgast-285092\/"},"modified":"2025-05-19T11:15:09","modified_gmt":"2025-05-19T11:15:09","slug":"noz-do-obierania-uniwersalny-haccp-zielony-l-100-mm-stalgast-285092","status":"publish","type":"product","link":"https:\/\/www.multifrigo.pl\/sklep\/produkt\/noz-do-obierania-uniwersalny-haccp-zielony-l-100-mm-stalgast-285092\/","title":{"rendered":"N\u00f3\u017c do obierania, uniwersalny, HACCP, zielony, L 100 mm | Stalgast 285092"},"content":{"rendered":"<p><LI>kolorowy uchwyt  <LI>mo\u017cna my\u0107 i wyparza\u0107 w zmywarce  <LI>ostrze wykonane ze stali nierdzewnej  <\/p>\n","protected":false},"excerpt":{"rendered":"<p>kolorowy uchwyt mo\u017cna my\u0107 i wyparza\u0107 w zmywarce ostrze wykonane ze stali nierdzewnej<\/p>\n","protected":false},"featured_media":13106,"template":"","meta":{"_et_pb_use_builder":"","_et_pb_old_content":"","_et_gb_content_width":""},"pwb-brand":[62],"product_brand":[],"product_cat":[162],"product_tag":[],"class_list":{"0":"post-8150","1":"product","2":"type-product","3":"status-publish","4":"has-post-thumbnail","6":"pwb-brand-stalgast","7":"product_cat-noze-do-warzyw","9":"first","10":"instock","11":"taxable","12":"shipping-taxable","13":"purchasable","14":"product-type-simple"},"brands":[{"id":62,"name":"Stalgast","slug":"stalgast"}],"_links":{"self":[{"href":"https:\/\/www.multifrigo.pl\/sklep\/wp-json\/wp\/v2\/product\/8150","targetHints":{"allow":["GET"]}}],"collection":[{"href":"https:\/\/www.multifrigo.pl\/sklep\/wp-json\/wp\/v2\/product"}],"about":[{"href":"https:\/\/www.multifrigo.pl\/sklep\/wp-json\/wp\/v2\/types\/product"}],"wp:featuredmedia":[{"embeddable":true,"href":"https:\/\/www.multifrigo.pl\/sklep\/wp-json\/wp\/v2\/media\/13106"}],"wp:attachment":[{"href":"https:\/\/www.multifrigo.pl\/sklep\/wp-json\/wp\/v2\/media?parent=8150"}],"wp:term":[{"taxonomy":"pwb-brand","embeddable":true,"href":"https:\/\/www.multifrigo.pl\/sklep\/wp-json\/wp\/v2\/pwb-brand?post=8150"},{"taxonomy":"product_brand","embeddable":true,"href":"https:\/\/www.multifrigo.pl\/sklep\/wp-json\/wp\/v2\/product_brand?post=8150"},{"taxonomy":"product_cat","embeddable":true,"href":"https:\/\/www.multifrigo.pl\/sklep\/wp-json\/wp\/v2\/product_cat?post=8150"},{"taxonomy":"product_tag","embeddable":true,"href":"https:\/\/www.multifrigo.pl\/sklep\/wp-json\/wp\/v2\/product_tag?post=8150"}],"curies":[{"name":"wp","href":"https:\/\/api.w.org\/{rel}","templated":true}]}}