{"id":8162,"date":"2024-07-03T12:52:33","date_gmt":"2024-07-03T12:52:33","guid":{"rendered":"https:\/\/multifrigo.pl\/sklep\/produkt\/noz-do-obierania-zabkowany-sanelli-l-110-mm-sanelli-287111\/"},"modified":"2025-05-19T11:15:24","modified_gmt":"2025-05-19T11:15:24","slug":"noz-do-obierania-zabkowany-sanelli-l-110-mm-sanelli-287111","status":"publish","type":"product","link":"https:\/\/www.multifrigo.pl\/sklep\/produkt\/noz-do-obierania-zabkowany-sanelli-l-110-mm-sanelli-287111\/","title":{"rendered":"N\u00f3\u017c do obierania, z\u0105bkowany, Sanelli, L 110 mm | Sanelli 287111"},"content":{"rendered":"<p><LI>linia no\u017cy zosta\u0142a zaprojektowana tak, aby po\u0142\u0105czy\u0107 produkt wysokiej jako\u015bci przy zachowaniu ergonomii u\u017cytkowania  <LI>ostrze ze stali chromowo-molibdenowej, o twardo\u015bci 54-56 HRC  <LI>ergonomiczna r\u0119koje\u015b\u0107 wykonana z polipropylenu z dodatkow\u0105 warstw\u0105 antypo\u015blizgow\u0105  <LI>mo\u017cna my\u0107 i wyparza\u0107 w zmywarce  <LI>wymiar L d\u0142ugo\u015b\u0107 ostrza  <\/p>\n","protected":false},"excerpt":{"rendered":"<p>linia no\u017cy zosta\u0142a zaprojektowana tak, aby po\u0142\u0105czy\u0107 produkt wysokiej jako\u015bci przy zachowaniu ergonomii u\u017cytkowania ostrze ze stali chromowo-molibdenowej, o twardo\u015bci 54-56 HRC ergonomiczna r\u0119koje\u015b\u0107 wykonana z polipropylenu z dodatkow\u0105 warstw\u0105 antypo\u015blizgow\u0105 mo\u017cna my\u0107 i wyparza\u0107 w zmywarce wymiar L d\u0142ugo\u015b\u0107 ostrza<\/p>\n","protected":false},"featured_media":13120,"template":"","meta":{"_et_pb_use_builder":"","_et_pb_old_content":"","_et_gb_content_width":""},"pwb-brand":[163],"product_brand":[],"product_cat":[162],"product_tag":[],"class_list":{"0":"post-8162","1":"product","2":"type-product","3":"status-publish","4":"has-post-thumbnail","6":"pwb-brand-sanelli","7":"product_cat-noze-do-warzyw","9":"first","10":"instock","11":"taxable","12":"shipping-taxable","13":"purchasable","14":"product-type-simple"},"brands":[{"id":163,"name":"Sanelli","slug":"sanelli"}],"_links":{"self":[{"href":"https:\/\/www.multifrigo.pl\/sklep\/wp-json\/wp\/v2\/product\/8162","targetHints":{"allow":["GET"]}}],"collection":[{"href":"https:\/\/www.multifrigo.pl\/sklep\/wp-json\/wp\/v2\/product"}],"about":[{"href":"https:\/\/www.multifrigo.pl\/sklep\/wp-json\/wp\/v2\/types\/product"}],"wp:featuredmedia":[{"embeddable":true,"href":"https:\/\/www.multifrigo.pl\/sklep\/wp-json\/wp\/v2\/media\/13120"}],"wp:attachment":[{"href":"https:\/\/www.multifrigo.pl\/sklep\/wp-json\/wp\/v2\/media?parent=8162"}],"wp:term":[{"taxonomy":"pwb-brand","embeddable":true,"href":"https:\/\/www.multifrigo.pl\/sklep\/wp-json\/wp\/v2\/pwb-brand?post=8162"},{"taxonomy":"product_brand","embeddable":true,"href":"https:\/\/www.multifrigo.pl\/sklep\/wp-json\/wp\/v2\/product_brand?post=8162"},{"taxonomy":"product_cat","embeddable":true,"href":"https:\/\/www.multifrigo.pl\/sklep\/wp-json\/wp\/v2\/product_cat?post=8162"},{"taxonomy":"product_tag","embeddable":true,"href":"https:\/\/www.multifrigo.pl\/sklep\/wp-json\/wp\/v2\/product_tag?post=8162"}],"curies":[{"name":"wp","href":"https:\/\/api.w.org\/{rel}","templated":true}]}}