{"id":8196,"date":"2024-07-03T12:52:39","date_gmt":"2024-07-03T12:52:39","guid":{"rendered":"https:\/\/multifrigo.pl\/sklep\/produkt\/lopatka-do-ryb-l-340-mm-paderno-312340\/"},"modified":"2025-05-19T11:19:48","modified_gmt":"2025-05-19T11:19:48","slug":"lopatka-do-ryb-l-340-mm-paderno-312340","status":"publish","type":"product","link":"https:\/\/www.multifrigo.pl\/sklep\/produkt\/lopatka-do-ryb-l-340-mm-paderno-312340\/","title":{"rendered":"\u0141opatka do ryb, L 340 mm | Paderno 312340"},"content":{"rendered":"<p><LI>zaokr\u0105glona cz\u0119\u015b\u0107 robocza u\u0142atwiaj\u0105ca prac\u0119  <\/p>\n","protected":false},"excerpt":{"rendered":"<p>zaokr\u0105glona cz\u0119\u015b\u0107 robocza u\u0142atwiaj\u0105ca prac\u0119<\/p>\n","protected":false},"featured_media":13178,"template":"","meta":{"_et_pb_use_builder":"","_et_pb_old_content":"","_et_gb_content_width":""},"pwb-brand":[118],"product_brand":[],"product_cat":[174],"product_tag":[],"class_list":{"0":"post-8196","1":"product","2":"type-product","3":"status-publish","4":"has-post-thumbnail","6":"pwb-brand-paderno","7":"product_cat-lopatki-kuchenne","9":"first","10":"instock","11":"taxable","12":"shipping-taxable","13":"purchasable","14":"product-type-simple"},"brands":[{"id":118,"name":"Paderno","slug":"paderno"}],"_links":{"self":[{"href":"https:\/\/www.multifrigo.pl\/sklep\/wp-json\/wp\/v2\/product\/8196","targetHints":{"allow":["GET"]}}],"collection":[{"href":"https:\/\/www.multifrigo.pl\/sklep\/wp-json\/wp\/v2\/product"}],"about":[{"href":"https:\/\/www.multifrigo.pl\/sklep\/wp-json\/wp\/v2\/types\/product"}],"wp:featuredmedia":[{"embeddable":true,"href":"https:\/\/www.multifrigo.pl\/sklep\/wp-json\/wp\/v2\/media\/13178"}],"wp:attachment":[{"href":"https:\/\/www.multifrigo.pl\/sklep\/wp-json\/wp\/v2\/media?parent=8196"}],"wp:term":[{"taxonomy":"pwb-brand","embeddable":true,"href":"https:\/\/www.multifrigo.pl\/sklep\/wp-json\/wp\/v2\/pwb-brand?post=8196"},{"taxonomy":"product_brand","embeddable":true,"href":"https:\/\/www.multifrigo.pl\/sklep\/wp-json\/wp\/v2\/product_brand?post=8196"},{"taxonomy":"product_cat","embeddable":true,"href":"https:\/\/www.multifrigo.pl\/sklep\/wp-json\/wp\/v2\/product_cat?post=8196"},{"taxonomy":"product_tag","embeddable":true,"href":"https:\/\/www.multifrigo.pl\/sklep\/wp-json\/wp\/v2\/product_tag?post=8196"}],"curies":[{"name":"wp","href":"https:\/\/api.w.org\/{rel}","templated":true}]}}