{"id":8227,"date":"2024-07-03T12:52:46","date_gmt":"2024-07-03T12:52:46","guid":{"rendered":"https:\/\/multifrigo.pl\/sklep\/produkt\/lyzka-do-spaghetti-l-307-mm-stalgast-321060\/"},"modified":"2025-05-19T11:20:04","modified_gmt":"2025-05-19T11:20:04","slug":"lyzka-do-spaghetti-l-307-mm-stalgast-321060","status":"publish","type":"product","link":"https:\/\/www.multifrigo.pl\/sklep\/produkt\/lyzka-do-spaghetti-l-307-mm-stalgast-321060\/","title":{"rendered":"\u0141y\u017cka do spaghetti, L 307 mm | Stalgast 321060"},"content":{"rendered":"<p><LI>okr\u0105g\u0142y uchwyt  <\/p>\n","protected":false},"excerpt":{"rendered":"<p>okr\u0105g\u0142y uchwyt<\/p>\n","protected":false},"featured_media":13240,"template":"","meta":{"_et_pb_use_builder":"","_et_pb_old_content":"","_et_gb_content_width":""},"pwb-brand":[62],"product_brand":[],"product_cat":[192],"product_tag":[],"class_list":{"0":"post-8227","1":"product","2":"type-product","3":"status-publish","4":"has-post-thumbnail","6":"pwb-brand-stalgast","7":"product_cat-lyzki-do-spaghetti","9":"first","10":"instock","11":"taxable","12":"shipping-taxable","13":"purchasable","14":"product-type-simple"},"brands":[{"id":62,"name":"Stalgast","slug":"stalgast"}],"_links":{"self":[{"href":"https:\/\/www.multifrigo.pl\/sklep\/wp-json\/wp\/v2\/product\/8227","targetHints":{"allow":["GET"]}}],"collection":[{"href":"https:\/\/www.multifrigo.pl\/sklep\/wp-json\/wp\/v2\/product"}],"about":[{"href":"https:\/\/www.multifrigo.pl\/sklep\/wp-json\/wp\/v2\/types\/product"}],"wp:featuredmedia":[{"embeddable":true,"href":"https:\/\/www.multifrigo.pl\/sklep\/wp-json\/wp\/v2\/media\/13240"}],"wp:attachment":[{"href":"https:\/\/www.multifrigo.pl\/sklep\/wp-json\/wp\/v2\/media?parent=8227"}],"wp:term":[{"taxonomy":"pwb-brand","embeddable":true,"href":"https:\/\/www.multifrigo.pl\/sklep\/wp-json\/wp\/v2\/pwb-brand?post=8227"},{"taxonomy":"product_brand","embeddable":true,"href":"https:\/\/www.multifrigo.pl\/sklep\/wp-json\/wp\/v2\/product_brand?post=8227"},{"taxonomy":"product_cat","embeddable":true,"href":"https:\/\/www.multifrigo.pl\/sklep\/wp-json\/wp\/v2\/product_cat?post=8227"},{"taxonomy":"product_tag","embeddable":true,"href":"https:\/\/www.multifrigo.pl\/sklep\/wp-json\/wp\/v2\/product_tag?post=8227"}],"curies":[{"name":"wp","href":"https:\/\/api.w.org\/{rel}","templated":true}]}}