{"id":8229,"date":"2024-07-03T12:52:47","date_gmt":"2024-07-03T12:52:47","guid":{"rendered":"https:\/\/multifrigo.pl\/sklep\/produkt\/obieraczka-do-warzyw-l-190-mm-stalgast-321100\/"},"modified":"2025-05-19T11:20:04","modified_gmt":"2025-05-19T11:20:04","slug":"obieraczka-do-warzyw-l-190-mm-stalgast-321100","status":"publish","type":"product","link":"https:\/\/www.multifrigo.pl\/sklep\/produkt\/obieraczka-do-warzyw-l-190-mm-stalgast-321100\/","title":{"rendered":"Obieraczka do warzyw, L 190 mm | Stalgast 321100"},"content":{"rendered":"<p><LI>okr\u0105g\u0142y uchwyt  <LI>d\u0142ugo\u015b\u0107 ostrza 40 mm  <\/p>\n","protected":false},"excerpt":{"rendered":"<p>okr\u0105g\u0142y uchwyt d\u0142ugo\u015b\u0107 ostrza 40 mm<\/p>\n","protected":false},"featured_media":13242,"template":"","meta":{"_et_pb_use_builder":"","_et_pb_old_content":"","_et_gb_content_width":""},"pwb-brand":[62],"product_brand":[],"product_cat":[4730],"product_tag":[],"class_list":{"0":"post-8229","1":"product","2":"type-product","3":"status-publish","4":"has-post-thumbnail","6":"pwb-brand-stalgast","7":"product_cat-obieraczki-reczne","9":"first","10":"instock","11":"taxable","12":"shipping-taxable","13":"purchasable","14":"product-type-simple"},"brands":[{"id":62,"name":"Stalgast","slug":"stalgast"}],"_links":{"self":[{"href":"https:\/\/www.multifrigo.pl\/sklep\/wp-json\/wp\/v2\/product\/8229","targetHints":{"allow":["GET"]}}],"collection":[{"href":"https:\/\/www.multifrigo.pl\/sklep\/wp-json\/wp\/v2\/product"}],"about":[{"href":"https:\/\/www.multifrigo.pl\/sklep\/wp-json\/wp\/v2\/types\/product"}],"wp:featuredmedia":[{"embeddable":true,"href":"https:\/\/www.multifrigo.pl\/sklep\/wp-json\/wp\/v2\/media\/13242"}],"wp:attachment":[{"href":"https:\/\/www.multifrigo.pl\/sklep\/wp-json\/wp\/v2\/media?parent=8229"}],"wp:term":[{"taxonomy":"pwb-brand","embeddable":true,"href":"https:\/\/www.multifrigo.pl\/sklep\/wp-json\/wp\/v2\/pwb-brand?post=8229"},{"taxonomy":"product_brand","embeddable":true,"href":"https:\/\/www.multifrigo.pl\/sklep\/wp-json\/wp\/v2\/product_brand?post=8229"},{"taxonomy":"product_cat","embeddable":true,"href":"https:\/\/www.multifrigo.pl\/sklep\/wp-json\/wp\/v2\/product_cat?post=8229"},{"taxonomy":"product_tag","embeddable":true,"href":"https:\/\/www.multifrigo.pl\/sklep\/wp-json\/wp\/v2\/product_tag?post=8229"}],"curies":[{"name":"wp","href":"https:\/\/api.w.org\/{rel}","templated":true}]}}