{"id":8252,"date":"2024-07-03T12:52:52","date_gmt":"2024-07-03T12:52:52","guid":{"rendered":"https:\/\/multifrigo.pl\/sklep\/produkt\/lyzka-cedzakowa-monoblok-o-140-mm-sunnex-324140\/"},"modified":"2025-05-19T11:20:19","modified_gmt":"2025-05-19T11:20:19","slug":"lyzka-cedzakowa-monoblok-o-140-mm-sunnex-324140","status":"publish","type":"product","link":"https:\/\/www.multifrigo.pl\/sklep\/produkt\/lyzka-cedzakowa-monoblok-o-140-mm-sunnex-324140\/","title":{"rendered":"\u0141y\u017cka cedzakowa, MONOBLOK, \u00f8 140 mm | Sunnex 324140"},"content":{"rendered":"<p><LI>profesjonalna \u0142y\u017cka cedzakowa monoblok  <LI>pozbawiona spaw\u00f3w, wykonana z jednego kawa\u0142ka stali  <LI>\u0142atwa w utrzymaniu czysto\u015bci  <LI>ergonomiczny, zagi\u0119ty uchwyt do zawieszania  <\/p>\n","protected":false},"excerpt":{"rendered":"<p>profesjonalna \u0142y\u017cka cedzakowa monoblok pozbawiona spaw\u00f3w, wykonana z jednego kawa\u0142ka stali \u0142atwa w utrzymaniu czysto\u015bci ergonomiczny, zagi\u0119ty uchwyt do zawieszania<\/p>\n","protected":false},"featured_media":13297,"template":"","meta":{"_et_pb_use_builder":"","_et_pb_old_content":"","_et_gb_content_width":""},"pwb-brand":[117],"product_brand":[],"product_cat":[184],"product_tag":[],"class_list":{"0":"post-8252","1":"product","2":"type-product","3":"status-publish","4":"has-post-thumbnail","6":"pwb-brand-sunnex","7":"product_cat-lyzki-cedzakowe","9":"first","10":"instock","11":"taxable","12":"shipping-taxable","13":"purchasable","14":"product-type-simple"},"brands":[{"id":117,"name":"Sunnex","slug":"sunnex"}],"_links":{"self":[{"href":"https:\/\/www.multifrigo.pl\/sklep\/wp-json\/wp\/v2\/product\/8252","targetHints":{"allow":["GET"]}}],"collection":[{"href":"https:\/\/www.multifrigo.pl\/sklep\/wp-json\/wp\/v2\/product"}],"about":[{"href":"https:\/\/www.multifrigo.pl\/sklep\/wp-json\/wp\/v2\/types\/product"}],"wp:featuredmedia":[{"embeddable":true,"href":"https:\/\/www.multifrigo.pl\/sklep\/wp-json\/wp\/v2\/media\/13297"}],"wp:attachment":[{"href":"https:\/\/www.multifrigo.pl\/sklep\/wp-json\/wp\/v2\/media?parent=8252"}],"wp:term":[{"taxonomy":"pwb-brand","embeddable":true,"href":"https:\/\/www.multifrigo.pl\/sklep\/wp-json\/wp\/v2\/pwb-brand?post=8252"},{"taxonomy":"product_brand","embeddable":true,"href":"https:\/\/www.multifrigo.pl\/sklep\/wp-json\/wp\/v2\/product_brand?post=8252"},{"taxonomy":"product_cat","embeddable":true,"href":"https:\/\/www.multifrigo.pl\/sklep\/wp-json\/wp\/v2\/product_cat?post=8252"},{"taxonomy":"product_tag","embeddable":true,"href":"https:\/\/www.multifrigo.pl\/sklep\/wp-json\/wp\/v2\/product_tag?post=8252"}],"curies":[{"name":"wp","href":"https:\/\/api.w.org\/{rel}","templated":true}]}}