{"id":8265,"date":"2024-07-03T12:52:55","date_gmt":"2024-07-03T12:52:55","guid":{"rendered":"https:\/\/multifrigo.pl\/sklep\/produkt\/wyciskacz-do-czosnku-linden-332030\/"},"modified":"2025-05-19T11:20:27","modified_gmt":"2025-05-19T11:20:27","slug":"wyciskacz-do-czosnku-linden-332030","status":"publish","type":"product","link":"https:\/\/www.multifrigo.pl\/sklep\/produkt\/wyciskacz-do-czosnku-linden-332030\/","title":{"rendered":"Wyciskacz do czosnku | Linden 332030"},"content":{"rendered":"<p><LI>modu\u0142owa konstrukcja \u0142atwa w utrzymaniu czysto\u015bci  <LI>ergonomiczna r\u0105czka  <LI>obracana d\u017awignia u\u0142atwiaj\u0105ce czyszczenie sitka  <LI>wykonany z Akulonu  <\/p>\n","protected":false},"excerpt":{"rendered":"<p>modu\u0142owa konstrukcja \u0142atwa w utrzymaniu czysto\u015bci ergonomiczna r\u0105czka obracana d\u017awignia u\u0142atwiaj\u0105ce czyszczenie sitka wykonany z Akulonu<\/p>\n","protected":false},"featured_media":13315,"template":"","meta":{"_et_pb_use_builder":"","_et_pb_old_content":"","_et_gb_content_width":""},"pwb-brand":[116],"product_brand":[],"product_cat":[197],"product_tag":[],"class_list":{"0":"post-8265","1":"product","2":"type-product","3":"status-publish","4":"has-post-thumbnail","6":"pwb-brand-linden","7":"product_cat-wyciskacze-do-czosnku","9":"first","10":"instock","11":"taxable","12":"shipping-taxable","13":"purchasable","14":"product-type-simple"},"brands":[{"id":116,"name":"Linden","slug":"linden"}],"_links":{"self":[{"href":"https:\/\/www.multifrigo.pl\/sklep\/wp-json\/wp\/v2\/product\/8265","targetHints":{"allow":["GET"]}}],"collection":[{"href":"https:\/\/www.multifrigo.pl\/sklep\/wp-json\/wp\/v2\/product"}],"about":[{"href":"https:\/\/www.multifrigo.pl\/sklep\/wp-json\/wp\/v2\/types\/product"}],"wp:featuredmedia":[{"embeddable":true,"href":"https:\/\/www.multifrigo.pl\/sklep\/wp-json\/wp\/v2\/media\/13315"}],"wp:attachment":[{"href":"https:\/\/www.multifrigo.pl\/sklep\/wp-json\/wp\/v2\/media?parent=8265"}],"wp:term":[{"taxonomy":"pwb-brand","embeddable":true,"href":"https:\/\/www.multifrigo.pl\/sklep\/wp-json\/wp\/v2\/pwb-brand?post=8265"},{"taxonomy":"product_brand","embeddable":true,"href":"https:\/\/www.multifrigo.pl\/sklep\/wp-json\/wp\/v2\/product_brand?post=8265"},{"taxonomy":"product_cat","embeddable":true,"href":"https:\/\/www.multifrigo.pl\/sklep\/wp-json\/wp\/v2\/product_cat?post=8265"},{"taxonomy":"product_tag","embeddable":true,"href":"https:\/\/www.multifrigo.pl\/sklep\/wp-json\/wp\/v2\/product_tag?post=8265"}],"curies":[{"name":"wp","href":"https:\/\/api.w.org\/{rel}","templated":true}]}}