{"id":8269,"date":"2024-07-03T12:52:57","date_gmt":"2024-07-03T12:52:57","guid":{"rendered":"https:\/\/multifrigo.pl\/sklep\/produkt\/obieraczka-do-warzyw-sanelli-l-100-mm-sanelli-334100\/"},"modified":"2025-05-19T11:20:28","modified_gmt":"2025-05-19T11:20:28","slug":"obieraczka-do-warzyw-sanelli-l-100-mm-sanelli-334100","status":"publish","type":"product","link":"https:\/\/www.multifrigo.pl\/sklep\/produkt\/obieraczka-do-warzyw-sanelli-l-100-mm-sanelli-334100\/","title":{"rendered":"Obieraczka do warzyw, Sanelli, L 100 mm | Sanelli 334100"},"content":{"rendered":"<p><LI>d\u0142ugo\u015b\u0107 ostrza 50 mm  <LI>posiada wahad\u0142owe g\u0142adkie ostrze tn\u0105ce oraz ostrze boczne sto\u017ckowe do oczkowania  <\/p>\n","protected":false},"excerpt":{"rendered":"<p>d\u0142ugo\u015b\u0107 ostrza 50 mm posiada wahad\u0142owe g\u0142adkie ostrze tn\u0105ce oraz ostrze boczne sto\u017ckowe do oczkowania<\/p>\n","protected":false},"featured_media":13325,"template":"","meta":{"_et_pb_use_builder":"","_et_pb_old_content":"","_et_gb_content_width":""},"pwb-brand":[163],"product_brand":[],"product_cat":[4730],"product_tag":[],"class_list":{"0":"post-8269","1":"product","2":"type-product","3":"status-publish","4":"has-post-thumbnail","6":"pwb-brand-sanelli","7":"product_cat-obieraczki-reczne","9":"first","10":"instock","11":"taxable","12":"shipping-taxable","13":"purchasable","14":"product-type-simple"},"brands":[{"id":163,"name":"Sanelli","slug":"sanelli"}],"_links":{"self":[{"href":"https:\/\/www.multifrigo.pl\/sklep\/wp-json\/wp\/v2\/product\/8269","targetHints":{"allow":["GET"]}}],"collection":[{"href":"https:\/\/www.multifrigo.pl\/sklep\/wp-json\/wp\/v2\/product"}],"about":[{"href":"https:\/\/www.multifrigo.pl\/sklep\/wp-json\/wp\/v2\/types\/product"}],"wp:featuredmedia":[{"embeddable":true,"href":"https:\/\/www.multifrigo.pl\/sklep\/wp-json\/wp\/v2\/media\/13325"}],"wp:attachment":[{"href":"https:\/\/www.multifrigo.pl\/sklep\/wp-json\/wp\/v2\/media?parent=8269"}],"wp:term":[{"taxonomy":"pwb-brand","embeddable":true,"href":"https:\/\/www.multifrigo.pl\/sklep\/wp-json\/wp\/v2\/pwb-brand?post=8269"},{"taxonomy":"product_brand","embeddable":true,"href":"https:\/\/www.multifrigo.pl\/sklep\/wp-json\/wp\/v2\/product_brand?post=8269"},{"taxonomy":"product_cat","embeddable":true,"href":"https:\/\/www.multifrigo.pl\/sklep\/wp-json\/wp\/v2\/product_cat?post=8269"},{"taxonomy":"product_tag","embeddable":true,"href":"https:\/\/www.multifrigo.pl\/sklep\/wp-json\/wp\/v2\/product_tag?post=8269"}],"curies":[{"name":"wp","href":"https:\/\/api.w.org\/{rel}","templated":true}]}}