{"id":8348,"date":"2024-07-03T12:53:11","date_gmt":"2024-07-03T12:53:11","guid":{"rendered":"https:\/\/multifrigo.pl\/sklep\/produkt\/widelec-stolowy-miedziany-bcn-l-200-mm-comas-353152\/"},"modified":"2025-05-19T11:21:09","modified_gmt":"2025-05-19T11:21:09","slug":"widelec-stolowy-miedziany-bcn-l-200-mm-comas-353152","status":"publish","type":"product","link":"https:\/\/www.multifrigo.pl\/sklep\/produkt\/widelec-stolowy-miedziany-bcn-l-200-mm-comas-353152\/","title":{"rendered":"Widelec sto\u0142owy, miedziany, BCN, L 200 mm | Comas 353152"},"content":{"rendered":"<p><LI>cena za sztuk\u0119  <LI>sprzedawane w ilo\u015bciach kartonowych  <LI>nale\u017cy przestrzega\u0107 wskaz\u00f3wek dotycz\u0105cych piel\u0119gnacji  <LI>podczas mycia w zmywarce nale\u017cy umieszcza\u0107 je w koszyku na sztu\u0107ce  <LI>do mycia r\u0119cznego nie stosowa\u0107 metalowych lub plastikowych zmywak\u00f3w  <LI>nale\u017cy unika\u0107 wstrz\u0105s\u00f3w, aby zapobiec zarysowaniom oraz odpryskom pow\u0142oki  <\/p>\n","protected":false},"excerpt":{"rendered":"<p>cena za sztuk\u0119 sprzedawane w ilo\u015bciach kartonowych nale\u017cy przestrzega\u0107 wskaz\u00f3wek dotycz\u0105cych piel\u0119gnacji podczas mycia w zmywarce nale\u017cy umieszcza\u0107 je w koszyku na sztu\u0107ce do mycia r\u0119cznego nie stosowa\u0107 metalowych lub plastikowych zmywak\u00f3w nale\u017cy unika\u0107 wstrz\u0105s\u00f3w, aby zapobiec zarysowaniom oraz odpryskom pow\u0142oki<\/p>\n","protected":false},"featured_media":13502,"template":"","meta":{"_et_pb_use_builder":"","_et_pb_old_content":"","_et_gb_content_width":""},"pwb-brand":[214],"product_brand":[],"product_cat":[213],"product_tag":[],"class_list":{"0":"post-8348","1":"product","2":"type-product","3":"status-publish","4":"has-post-thumbnail","6":"pwb-brand-comas","7":"product_cat-sztucce-comas","9":"first","10":"instock","11":"taxable","12":"shipping-taxable","13":"purchasable","14":"product-type-simple"},"brands":[{"id":214,"name":"Comas","slug":"comas"}],"_links":{"self":[{"href":"https:\/\/www.multifrigo.pl\/sklep\/wp-json\/wp\/v2\/product\/8348","targetHints":{"allow":["GET"]}}],"collection":[{"href":"https:\/\/www.multifrigo.pl\/sklep\/wp-json\/wp\/v2\/product"}],"about":[{"href":"https:\/\/www.multifrigo.pl\/sklep\/wp-json\/wp\/v2\/types\/product"}],"wp:featuredmedia":[{"embeddable":true,"href":"https:\/\/www.multifrigo.pl\/sklep\/wp-json\/wp\/v2\/media\/13502"}],"wp:attachment":[{"href":"https:\/\/www.multifrigo.pl\/sklep\/wp-json\/wp\/v2\/media?parent=8348"}],"wp:term":[{"taxonomy":"pwb-brand","embeddable":true,"href":"https:\/\/www.multifrigo.pl\/sklep\/wp-json\/wp\/v2\/pwb-brand?post=8348"},{"taxonomy":"product_brand","embeddable":true,"href":"https:\/\/www.multifrigo.pl\/sklep\/wp-json\/wp\/v2\/product_brand?post=8348"},{"taxonomy":"product_cat","embeddable":true,"href":"https:\/\/www.multifrigo.pl\/sklep\/wp-json\/wp\/v2\/product_cat?post=8348"},{"taxonomy":"product_tag","embeddable":true,"href":"https:\/\/www.multifrigo.pl\/sklep\/wp-json\/wp\/v2\/product_tag?post=8348"}],"curies":[{"name":"wp","href":"https:\/\/api.w.org\/{rel}","templated":true}]}}