{"id":8453,"date":"2024-07-03T12:53:32","date_gmt":"2024-07-03T12:53:32","guid":{"rendered":"https:\/\/multifrigo.pl\/sklep\/produkt\/mozdzierz-marmurowy-z-tluczkiem-stalgast-362130\/"},"modified":"2025-05-19T11:22:07","modified_gmt":"2025-05-19T11:22:07","slug":"mozdzierz-marmurowy-z-tluczkiem-stalgast-362130","status":"publish","type":"product","link":"https:\/\/www.multifrigo.pl\/sklep\/produkt\/mozdzierz-marmurowy-z-tluczkiem-stalgast-362130\/","title":{"rendered":"Mo\u017adzierz marmurowy z t\u0142uczkiem | Stalgast 362130"},"content":{"rendered":"<p><LI>do kruszenia, rozdrabiania i ucierania zi\u00f3\u0142 oraz przypraw  <LI>wykonany z marmuru (zewn\u0105trz polerowany)  <LI>wn\u0119trze oraz wykonczenie t\u0142uczka matowe  <\/p>\n","protected":false},"excerpt":{"rendered":"<p>do kruszenia, rozdrabiania i ucierania zi\u00f3\u0142 oraz przypraw wykonany z marmuru (zewn\u0105trz polerowany) wn\u0119trze oraz wykonczenie t\u0142uczka matowe<\/p>\n","protected":false},"featured_media":13701,"template":"","meta":{"_et_pb_use_builder":"","_et_pb_old_content":"","_et_gb_content_width":""},"pwb-brand":[62],"product_brand":[],"product_cat":[220],"product_tag":[],"class_list":{"0":"post-8453","1":"product","2":"type-product","3":"status-publish","4":"has-post-thumbnail","6":"pwb-brand-stalgast","7":"product_cat-pozostale-przybory-kuchenne","9":"first","10":"instock","11":"taxable","12":"shipping-taxable","13":"purchasable","14":"product-type-simple"},"brands":[{"id":62,"name":"Stalgast","slug":"stalgast"}],"_links":{"self":[{"href":"https:\/\/www.multifrigo.pl\/sklep\/wp-json\/wp\/v2\/product\/8453","targetHints":{"allow":["GET"]}}],"collection":[{"href":"https:\/\/www.multifrigo.pl\/sklep\/wp-json\/wp\/v2\/product"}],"about":[{"href":"https:\/\/www.multifrigo.pl\/sklep\/wp-json\/wp\/v2\/types\/product"}],"wp:featuredmedia":[{"embeddable":true,"href":"https:\/\/www.multifrigo.pl\/sklep\/wp-json\/wp\/v2\/media\/13701"}],"wp:attachment":[{"href":"https:\/\/www.multifrigo.pl\/sklep\/wp-json\/wp\/v2\/media?parent=8453"}],"wp:term":[{"taxonomy":"pwb-brand","embeddable":true,"href":"https:\/\/www.multifrigo.pl\/sklep\/wp-json\/wp\/v2\/pwb-brand?post=8453"},{"taxonomy":"product_brand","embeddable":true,"href":"https:\/\/www.multifrigo.pl\/sklep\/wp-json\/wp\/v2\/product_brand?post=8453"},{"taxonomy":"product_cat","embeddable":true,"href":"https:\/\/www.multifrigo.pl\/sklep\/wp-json\/wp\/v2\/product_cat?post=8453"},{"taxonomy":"product_tag","embeddable":true,"href":"https:\/\/www.multifrigo.pl\/sklep\/wp-json\/wp\/v2\/product_tag?post=8453"}],"curies":[{"name":"wp","href":"https:\/\/api.w.org\/{rel}","templated":true}]}}