{"id":8476,"date":"2024-07-03T12:53:36","date_gmt":"2024-07-03T12:53:36","guid":{"rendered":"https:\/\/multifrigo.pl\/sklep\/produkt\/dzbanek-stalowy-v-2-l-sunnex-371200\/"},"modified":"2025-05-19T11:22:17","modified_gmt":"2025-05-19T11:22:17","slug":"dzbanek-stalowy-v-2-l-sunnex-371200","status":"publish","type":"product","link":"https:\/\/www.multifrigo.pl\/sklep\/produkt\/dzbanek-stalowy-v-2-l-sunnex-371200\/","title":{"rendered":"Dzbanek stalowy, V 2 l | Sunnex 371200"},"content":{"rendered":"<p><LI>pojemno\u015b\u0107 u\u017cytkowa 1.85 l  <LI>wykonany ze stali nierdzewnej  <\/p>\n","protected":false},"excerpt":{"rendered":"<p>pojemno\u015b\u0107 u\u017cytkowa 1.85 l wykonany ze stali nierdzewnej<\/p>\n","protected":false},"featured_media":13727,"template":"","meta":{"_et_pb_use_builder":"","_et_pb_old_content":"","_et_gb_content_width":""},"pwb-brand":[117],"product_brand":[],"product_cat":[228],"product_tag":[],"class_list":{"0":"post-8476","1":"product","2":"type-product","3":"status-publish","4":"has-post-thumbnail","6":"pwb-brand-sunnex","7":"product_cat-dzbanki","9":"first","10":"instock","11":"taxable","12":"shipping-taxable","13":"purchasable","14":"product-type-simple"},"brands":[{"id":117,"name":"Sunnex","slug":"sunnex"}],"_links":{"self":[{"href":"https:\/\/www.multifrigo.pl\/sklep\/wp-json\/wp\/v2\/product\/8476","targetHints":{"allow":["GET"]}}],"collection":[{"href":"https:\/\/www.multifrigo.pl\/sklep\/wp-json\/wp\/v2\/product"}],"about":[{"href":"https:\/\/www.multifrigo.pl\/sklep\/wp-json\/wp\/v2\/types\/product"}],"wp:featuredmedia":[{"embeddable":true,"href":"https:\/\/www.multifrigo.pl\/sklep\/wp-json\/wp\/v2\/media\/13727"}],"wp:attachment":[{"href":"https:\/\/www.multifrigo.pl\/sklep\/wp-json\/wp\/v2\/media?parent=8476"}],"wp:term":[{"taxonomy":"pwb-brand","embeddable":true,"href":"https:\/\/www.multifrigo.pl\/sklep\/wp-json\/wp\/v2\/pwb-brand?post=8476"},{"taxonomy":"product_brand","embeddable":true,"href":"https:\/\/www.multifrigo.pl\/sklep\/wp-json\/wp\/v2\/product_brand?post=8476"},{"taxonomy":"product_cat","embeddable":true,"href":"https:\/\/www.multifrigo.pl\/sklep\/wp-json\/wp\/v2\/product_cat?post=8476"},{"taxonomy":"product_tag","embeddable":true,"href":"https:\/\/www.multifrigo.pl\/sklep\/wp-json\/wp\/v2\/product_tag?post=8476"}],"curies":[{"name":"wp","href":"https:\/\/api.w.org\/{rel}","templated":true}]}}