{"id":8526,"date":"2024-07-03T12:53:44","date_gmt":"2024-07-03T12:53:44","guid":{"rendered":"https:\/\/multifrigo.pl\/sklep\/produkt\/bulionowka-isabell-o-100-mm-v-270-ml-stalgast-388165\/"},"modified":"2025-05-19T11:23:14","modified_gmt":"2025-05-19T11:23:14","slug":"bulionowka-isabell-o-100-mm-v-270-ml-stalgast-388165","status":"publish","type":"product","link":"https:\/\/www.multifrigo.pl\/sklep\/produkt\/bulionowka-isabell-o-100-mm-v-270-ml-stalgast-388165\/","title":{"rendered":"Bulion\u00f3wka, Isabell, \u00f8 100 mm, V 270 ml | Stalgast 388165"},"content":{"rendered":"<p><LI>porcelana g\u0142adka, bia\u0142a  <LI>pow\u0142oka szkliwiona  <LI>mo\u017cliwo\u015b\u0107 sztaplowania  <\/p>\n","protected":false},"excerpt":{"rendered":"<p>porcelana g\u0142adka, bia\u0142a pow\u0142oka szkliwiona mo\u017cliwo\u015b\u0107 sztaplowania<\/p>\n","protected":false},"featured_media":13812,"template":"","meta":{"_et_pb_use_builder":"","_et_pb_old_content":"","_et_gb_content_width":""},"pwb-brand":[62],"product_brand":[],"product_cat":[243],"product_tag":[],"class_list":{"0":"post-8526","1":"product","2":"type-product","3":"status-publish","4":"has-post-thumbnail","6":"pwb-brand-stalgast","7":"product_cat-barszczowki","9":"first","10":"instock","11":"taxable","12":"shipping-taxable","13":"purchasable","14":"product-type-simple"},"brands":[{"id":62,"name":"Stalgast","slug":"stalgast"}],"_links":{"self":[{"href":"https:\/\/www.multifrigo.pl\/sklep\/wp-json\/wp\/v2\/product\/8526","targetHints":{"allow":["GET"]}}],"collection":[{"href":"https:\/\/www.multifrigo.pl\/sklep\/wp-json\/wp\/v2\/product"}],"about":[{"href":"https:\/\/www.multifrigo.pl\/sklep\/wp-json\/wp\/v2\/types\/product"}],"wp:featuredmedia":[{"embeddable":true,"href":"https:\/\/www.multifrigo.pl\/sklep\/wp-json\/wp\/v2\/media\/13812"}],"wp:attachment":[{"href":"https:\/\/www.multifrigo.pl\/sklep\/wp-json\/wp\/v2\/media?parent=8526"}],"wp:term":[{"taxonomy":"pwb-brand","embeddable":true,"href":"https:\/\/www.multifrigo.pl\/sklep\/wp-json\/wp\/v2\/pwb-brand?post=8526"},{"taxonomy":"product_brand","embeddable":true,"href":"https:\/\/www.multifrigo.pl\/sklep\/wp-json\/wp\/v2\/product_brand?post=8526"},{"taxonomy":"product_cat","embeddable":true,"href":"https:\/\/www.multifrigo.pl\/sklep\/wp-json\/wp\/v2\/product_cat?post=8526"},{"taxonomy":"product_tag","embeddable":true,"href":"https:\/\/www.multifrigo.pl\/sklep\/wp-json\/wp\/v2\/product_tag?post=8526"}],"curies":[{"name":"wp","href":"https:\/\/api.w.org\/{rel}","templated":true}]}}