{"id":8530,"date":"2024-07-03T12:53:46","date_gmt":"2024-07-03T12:53:46","guid":{"rendered":"https:\/\/multifrigo.pl\/sklep\/produkt\/waza-na-zupe-z-pokrywa-isabell-v-3-5-l-stalgast-388170\/"},"modified":"2025-05-19T11:23:17","modified_gmt":"2025-05-19T11:23:17","slug":"waza-na-zupe-z-pokrywa-isabell-v-3-5-l-stalgast-388170","status":"publish","type":"product","link":"https:\/\/www.multifrigo.pl\/sklep\/produkt\/waza-na-zupe-z-pokrywa-isabell-v-3-5-l-stalgast-388170\/","title":{"rendered":"Waza na zup\u0119 z pokryw\u0105, Isabell, V 3.5 l | Stalgast 388170"},"content":{"rendered":"<p><LI>wytrzyma\u0142a pow\u0142oka szkliwa  <LI>podane wymiary s\u0105 przybli\u017cone  <LI>cena za sztuk\u0119  <LI>sprzedawane w ilo\u015bciach kartonowych  <\/p>\n","protected":false},"excerpt":{"rendered":"<p>wytrzyma\u0142a pow\u0142oka szkliwa podane wymiary s\u0105 przybli\u017cone cena za sztuk\u0119 sprzedawane w ilo\u015bciach kartonowych<\/p>\n","protected":false},"featured_media":13820,"template":"","meta":{"_et_pb_use_builder":"","_et_pb_old_content":"","_et_gb_content_width":""},"pwb-brand":[62],"product_brand":[],"product_cat":[225],"product_tag":[],"class_list":{"0":"post-8530","1":"product","2":"type-product","3":"status-publish","4":"has-post-thumbnail","6":"pwb-brand-stalgast","7":"product_cat-wazy","9":"first","10":"instock","11":"taxable","12":"shipping-taxable","13":"purchasable","14":"product-type-simple"},"brands":[{"id":62,"name":"Stalgast","slug":"stalgast"}],"_links":{"self":[{"href":"https:\/\/www.multifrigo.pl\/sklep\/wp-json\/wp\/v2\/product\/8530","targetHints":{"allow":["GET"]}}],"collection":[{"href":"https:\/\/www.multifrigo.pl\/sklep\/wp-json\/wp\/v2\/product"}],"about":[{"href":"https:\/\/www.multifrigo.pl\/sklep\/wp-json\/wp\/v2\/types\/product"}],"wp:featuredmedia":[{"embeddable":true,"href":"https:\/\/www.multifrigo.pl\/sklep\/wp-json\/wp\/v2\/media\/13820"}],"wp:attachment":[{"href":"https:\/\/www.multifrigo.pl\/sklep\/wp-json\/wp\/v2\/media?parent=8530"}],"wp:term":[{"taxonomy":"pwb-brand","embeddable":true,"href":"https:\/\/www.multifrigo.pl\/sklep\/wp-json\/wp\/v2\/pwb-brand?post=8530"},{"taxonomy":"product_brand","embeddable":true,"href":"https:\/\/www.multifrigo.pl\/sklep\/wp-json\/wp\/v2\/product_brand?post=8530"},{"taxonomy":"product_cat","embeddable":true,"href":"https:\/\/www.multifrigo.pl\/sklep\/wp-json\/wp\/v2\/product_cat?post=8530"},{"taxonomy":"product_tag","embeddable":true,"href":"https:\/\/www.multifrigo.pl\/sklep\/wp-json\/wp\/v2\/product_tag?post=8530"}],"curies":[{"name":"wp","href":"https:\/\/api.w.org\/{rel}","templated":true}]}}