{"id":8532,"date":"2024-07-03T12:53:46","date_gmt":"2024-07-03T12:53:46","guid":{"rendered":"https:\/\/multifrigo.pl\/sklep\/produkt\/dzbanek-z-filizanka-i-spodkiem-isabell-v-350-ml-stalgast-388181\/"},"modified":"2025-05-19T11:23:18","modified_gmt":"2025-05-19T11:23:18","slug":"dzbanek-z-filizanka-i-spodkiem-isabell-v-350-ml-stalgast-388181","status":"publish","type":"product","link":"https:\/\/www.multifrigo.pl\/sklep\/produkt\/dzbanek-z-filizanka-i-spodkiem-isabell-v-350-ml-stalgast-388181\/","title":{"rendered":"Dzbanek z fili\u017cank\u0105 i spodkiem, Isabell, V 350 ml | Stalgast 388181"},"content":{"rendered":"<p><LI>porcelana g\u0142adka, bia\u0142a  <LI>pow\u0142oka szkliwiona  <LI>cena za sztuk\u0119  <LI>sprzedawane w ilo\u015bciach kartonowych  <LI>dzbanek i fili\u017canka maj\u0105 tak\u0105 sam\u0105 pojemno\u015b\u0107 &#8211; 350 ml  <\/p>\n","protected":false},"excerpt":{"rendered":"<p>porcelana g\u0142adka, bia\u0142a pow\u0142oka szkliwiona cena za sztuk\u0119 sprzedawane w ilo\u015bciach kartonowych dzbanek i fili\u017canka maj\u0105 tak\u0105 sam\u0105 pojemno\u015b\u0107 &#8211; 350 ml<\/p>\n","protected":false},"featured_media":13822,"template":"","meta":{"_et_pb_use_builder":"","_et_pb_old_content":"","_et_gb_content_width":""},"pwb-brand":[62],"product_brand":[],"product_cat":[246],"product_tag":[],"class_list":{"0":"post-8532","1":"product","2":"type-product","3":"status-publish","4":"has-post-thumbnail","6":"pwb-brand-stalgast","7":"product_cat-pozostala-porcelana","9":"first","10":"instock","11":"taxable","12":"shipping-taxable","13":"purchasable","14":"product-type-simple"},"brands":[{"id":62,"name":"Stalgast","slug":"stalgast"}],"_links":{"self":[{"href":"https:\/\/www.multifrigo.pl\/sklep\/wp-json\/wp\/v2\/product\/8532","targetHints":{"allow":["GET"]}}],"collection":[{"href":"https:\/\/www.multifrigo.pl\/sklep\/wp-json\/wp\/v2\/product"}],"about":[{"href":"https:\/\/www.multifrigo.pl\/sklep\/wp-json\/wp\/v2\/types\/product"}],"wp:featuredmedia":[{"embeddable":true,"href":"https:\/\/www.multifrigo.pl\/sklep\/wp-json\/wp\/v2\/media\/13822"}],"wp:attachment":[{"href":"https:\/\/www.multifrigo.pl\/sklep\/wp-json\/wp\/v2\/media?parent=8532"}],"wp:term":[{"taxonomy":"pwb-brand","embeddable":true,"href":"https:\/\/www.multifrigo.pl\/sklep\/wp-json\/wp\/v2\/pwb-brand?post=8532"},{"taxonomy":"product_brand","embeddable":true,"href":"https:\/\/www.multifrigo.pl\/sklep\/wp-json\/wp\/v2\/product_brand?post=8532"},{"taxonomy":"product_cat","embeddable":true,"href":"https:\/\/www.multifrigo.pl\/sklep\/wp-json\/wp\/v2\/product_cat?post=8532"},{"taxonomy":"product_tag","embeddable":true,"href":"https:\/\/www.multifrigo.pl\/sklep\/wp-json\/wp\/v2\/product_tag?post=8532"}],"curies":[{"name":"wp","href":"https:\/\/api.w.org\/{rel}","templated":true}]}}