{"id":8545,"date":"2024-07-03T12:53:49","date_gmt":"2024-07-03T12:53:49","guid":{"rendered":"https:\/\/multifrigo.pl\/sklep\/produkt\/naczynie-na-dipy-isabell-v-20-ml-stalgast-388233\/"},"modified":"2025-05-19T11:23:29","modified_gmt":"2025-05-19T11:23:29","slug":"naczynie-na-dipy-isabell-v-20-ml-stalgast-388233","status":"publish","type":"product","link":"https:\/\/www.multifrigo.pl\/sklep\/produkt\/naczynie-na-dipy-isabell-v-20-ml-stalgast-388233\/","title":{"rendered":"Naczynie na dipy, Isabell, V 20 ml | Stalgast 388233"},"content":{"rendered":"<p><LI>porcelana g\u0142adka, bia\u0142a  <LI>pow\u0142oka szkliwiona  <\/p>\n","protected":false},"excerpt":{"rendered":"<p>porcelana g\u0142adka, bia\u0142a pow\u0142oka szkliwiona<\/p>\n","protected":false},"featured_media":13848,"template":"","meta":{"_et_pb_use_builder":"","_et_pb_old_content":"","_et_gb_content_width":""},"pwb-brand":[62],"product_brand":[],"product_cat":[246],"product_tag":[],"class_list":{"0":"post-8545","1":"product","2":"type-product","3":"status-publish","4":"has-post-thumbnail","6":"pwb-brand-stalgast","7":"product_cat-pozostala-porcelana","9":"first","10":"instock","11":"taxable","12":"shipping-taxable","13":"purchasable","14":"product-type-simple"},"brands":[{"id":62,"name":"Stalgast","slug":"stalgast"}],"_links":{"self":[{"href":"https:\/\/www.multifrigo.pl\/sklep\/wp-json\/wp\/v2\/product\/8545","targetHints":{"allow":["GET"]}}],"collection":[{"href":"https:\/\/www.multifrigo.pl\/sklep\/wp-json\/wp\/v2\/product"}],"about":[{"href":"https:\/\/www.multifrigo.pl\/sklep\/wp-json\/wp\/v2\/types\/product"}],"wp:featuredmedia":[{"embeddable":true,"href":"https:\/\/www.multifrigo.pl\/sklep\/wp-json\/wp\/v2\/media\/13848"}],"wp:attachment":[{"href":"https:\/\/www.multifrigo.pl\/sklep\/wp-json\/wp\/v2\/media?parent=8545"}],"wp:term":[{"taxonomy":"pwb-brand","embeddable":true,"href":"https:\/\/www.multifrigo.pl\/sklep\/wp-json\/wp\/v2\/pwb-brand?post=8545"},{"taxonomy":"product_brand","embeddable":true,"href":"https:\/\/www.multifrigo.pl\/sklep\/wp-json\/wp\/v2\/product_brand?post=8545"},{"taxonomy":"product_cat","embeddable":true,"href":"https:\/\/www.multifrigo.pl\/sklep\/wp-json\/wp\/v2\/product_cat?post=8545"},{"taxonomy":"product_tag","embeddable":true,"href":"https:\/\/www.multifrigo.pl\/sklep\/wp-json\/wp\/v2\/product_tag?post=8545"}],"curies":[{"name":"wp","href":"https:\/\/api.w.org\/{rel}","templated":true}]}}