{"id":8551,"date":"2024-07-03T12:53:51","date_gmt":"2024-07-03T12:53:51","guid":{"rendered":"https:\/\/multifrigo.pl\/sklep\/produkt\/talerz-plytki-toledo-o-250-mm-bormioli-rocco-388602\/"},"modified":"2025-05-19T11:23:32","modified_gmt":"2025-05-19T11:23:32","slug":"talerz-plytki-toledo-o-250-mm-bormioli-rocco-388602","status":"publish","type":"product","link":"https:\/\/www.multifrigo.pl\/sklep\/produkt\/talerz-plytki-toledo-o-250-mm-bormioli-rocco-388602\/","title":{"rendered":"Talerz p\u0142ytki, Toledo, \u00f8 250 mm | Bormioli Rocco 388602"},"content":{"rendered":"<p><LI>klasyczna bia\u0142a, dekorowana zastawa sto\u0142owa do zastosowa\u0144 w profesjonalnej gastronomii  <LI>wykonana z hartowanego szk\u0142a odporna na szok termiczny, o podwy\u017cszonej odporno\u015bci na uszkodzenia mechaniczne  <LI>podlega recyklingowi  <LI>podane wymiary i pojemno\u015bci ca\u0142kowite s\u0105 przybli\u017cone  <LI>sprzedawane w ilo\u015bciach kartonowych  <LI>cena za sztuk\u0119  <\/p>\n","protected":false},"excerpt":{"rendered":"<p>klasyczna bia\u0142a, dekorowana zastawa sto\u0142owa do zastosowa\u0144 w profesjonalnej gastronomii wykonana z hartowanego szk\u0142a odporna na szok termiczny, o podwy\u017cszonej odporno\u015bci na uszkodzenia mechaniczne podlega recyklingowi podane wymiary i pojemno\u015bci ca\u0142kowite s\u0105 przybli\u017cone sprzedawane w ilo\u015bciach kartonowych cena za sztuk\u0119<\/p>\n","protected":false},"featured_media":13861,"template":"","meta":{"_et_pb_use_builder":"","_et_pb_old_content":"","_et_gb_content_width":""},"pwb-brand":[251],"product_brand":[],"product_cat":[237],"product_tag":[],"class_list":{"0":"post-8551","1":"product","2":"type-product","3":"status-publish","4":"has-post-thumbnail","6":"pwb-brand-bormioli-rocco","7":"product_cat-plytkie","9":"first","10":"instock","11":"taxable","12":"shipping-taxable","13":"purchasable","14":"product-type-simple"},"brands":[{"id":251,"name":"Bormioli Rocco","slug":"bormioli-rocco"}],"_links":{"self":[{"href":"https:\/\/www.multifrigo.pl\/sklep\/wp-json\/wp\/v2\/product\/8551","targetHints":{"allow":["GET"]}}],"collection":[{"href":"https:\/\/www.multifrigo.pl\/sklep\/wp-json\/wp\/v2\/product"}],"about":[{"href":"https:\/\/www.multifrigo.pl\/sklep\/wp-json\/wp\/v2\/types\/product"}],"wp:featuredmedia":[{"embeddable":true,"href":"https:\/\/www.multifrigo.pl\/sklep\/wp-json\/wp\/v2\/media\/13861"}],"wp:attachment":[{"href":"https:\/\/www.multifrigo.pl\/sklep\/wp-json\/wp\/v2\/media?parent=8551"}],"wp:term":[{"taxonomy":"pwb-brand","embeddable":true,"href":"https:\/\/www.multifrigo.pl\/sklep\/wp-json\/wp\/v2\/pwb-brand?post=8551"},{"taxonomy":"product_brand","embeddable":true,"href":"https:\/\/www.multifrigo.pl\/sklep\/wp-json\/wp\/v2\/product_brand?post=8551"},{"taxonomy":"product_cat","embeddable":true,"href":"https:\/\/www.multifrigo.pl\/sklep\/wp-json\/wp\/v2\/product_cat?post=8551"},{"taxonomy":"product_tag","embeddable":true,"href":"https:\/\/www.multifrigo.pl\/sklep\/wp-json\/wp\/v2\/product_tag?post=8551"}],"curies":[{"name":"wp","href":"https:\/\/api.w.org\/{rel}","templated":true}]}}