{"id":8591,"date":"2024-07-03T12:53:58","date_gmt":"2024-07-03T12:53:58","guid":{"rendered":"https:\/\/multifrigo.pl\/sklep\/produkt\/kubek-afrodyta-v-0-3-l-lubiana-390007\/"},"modified":"2025-05-19T11:24:03","modified_gmt":"2025-05-19T11:24:03","slug":"kubek-afrodyta-v-0-3-l-lubiana-390007","status":"publish","type":"product","link":"https:\/\/www.multifrigo.pl\/sklep\/produkt\/kubek-afrodyta-v-0-3-l-lubiana-390007\/","title":{"rendered":"Kubek, Afrodyta, V 0.3 l | Lubiana 390007"},"content":{"rendered":"<p><LI>porcelana bia\u0142a, dekorowana  <LI>mo\u017cna my\u0107 w zmywarce i u\u017cywa\u0107 w kuchenkach mikrofalowych  <LI>sprzedawane w ilo\u015bciach kartonowych  <LI>podana pojemno\u015b\u0107 jest pojemno\u015bci\u0105 ca\u0142kowit\u0105  <\/p>\n","protected":false},"excerpt":{"rendered":"<p>porcelana bia\u0142a, dekorowana mo\u017cna my\u0107 w zmywarce i u\u017cywa\u0107 w kuchenkach mikrofalowych sprzedawane w ilo\u015bciach kartonowych podana pojemno\u015b\u0107 jest pojemno\u015bci\u0105 ca\u0142kowit\u0105<\/p>\n","protected":false},"featured_media":13940,"template":"","meta":{"_et_pb_use_builder":"","_et_pb_old_content":"","_et_gb_content_width":""},"pwb-brand":[252],"product_brand":[],"product_cat":[241],"product_tag":[],"class_list":{"0":"post-8591","1":"product","2":"type-product","3":"status-publish","4":"has-post-thumbnail","6":"pwb-brand-lubiana","7":"product_cat-kubki","9":"first","10":"instock","11":"taxable","12":"shipping-taxable","13":"purchasable","14":"product-type-simple"},"brands":[{"id":252,"name":"Lubiana","slug":"lubiana"}],"_links":{"self":[{"href":"https:\/\/www.multifrigo.pl\/sklep\/wp-json\/wp\/v2\/product\/8591","targetHints":{"allow":["GET"]}}],"collection":[{"href":"https:\/\/www.multifrigo.pl\/sklep\/wp-json\/wp\/v2\/product"}],"about":[{"href":"https:\/\/www.multifrigo.pl\/sklep\/wp-json\/wp\/v2\/types\/product"}],"wp:featuredmedia":[{"embeddable":true,"href":"https:\/\/www.multifrigo.pl\/sklep\/wp-json\/wp\/v2\/media\/13940"}],"wp:attachment":[{"href":"https:\/\/www.multifrigo.pl\/sklep\/wp-json\/wp\/v2\/media?parent=8591"}],"wp:term":[{"taxonomy":"pwb-brand","embeddable":true,"href":"https:\/\/www.multifrigo.pl\/sklep\/wp-json\/wp\/v2\/pwb-brand?post=8591"},{"taxonomy":"product_brand","embeddable":true,"href":"https:\/\/www.multifrigo.pl\/sklep\/wp-json\/wp\/v2\/product_brand?post=8591"},{"taxonomy":"product_cat","embeddable":true,"href":"https:\/\/www.multifrigo.pl\/sklep\/wp-json\/wp\/v2\/product_cat?post=8591"},{"taxonomy":"product_tag","embeddable":true,"href":"https:\/\/www.multifrigo.pl\/sklep\/wp-json\/wp\/v2\/product_tag?post=8591"}],"curies":[{"name":"wp","href":"https:\/\/api.w.org\/{rel}","templated":true}]}}