{"id":8641,"date":"2024-07-03T12:54:10","date_gmt":"2024-07-03T12:54:10","guid":{"rendered":"https:\/\/multifrigo.pl\/sklep\/produkt\/spodek-do-filizanki-390069-kolor-bezowy-stone-age-o-170-mm-lubiana-390066\/"},"modified":"2025-05-19T11:24:35","modified_gmt":"2025-05-19T11:24:35","slug":"spodek-do-filizanki-390069-kolor-bezowy-stone-age-o-170-mm-lubiana-390066","status":"publish","type":"product","link":"https:\/\/www.multifrigo.pl\/sklep\/produkt\/spodek-do-filizanki-390069-kolor-bezowy-stone-age-o-170-mm-lubiana-390066\/","title":{"rendered":"Spodek do fili\u017canki 390069, kolor be\u017cowy, Stone Age, \u00f8 170 mm | Lubiana 390066"},"content":{"rendered":"<p><LI>r\u0119cznie malowana porcelana  <LI>mo\u017cna my\u0107 w zmywarce i u\u017cywa\u0107 w kuchenkach mikrofalowych  <LI>sprzedawane w ilo\u015bciach kartonowych  <LI>podane wymiary i pojemno\u015bci ca\u0142kowite s\u0105 przybli\u017cone  <LI>pasuje do fili\u017canki 390069  <LI>nieregularny kszta\u0142t, wymiary 175&#215;127 mm  <\/p>\n","protected":false},"excerpt":{"rendered":"<p>r\u0119cznie malowana porcelana mo\u017cna my\u0107 w zmywarce i u\u017cywa\u0107 w kuchenkach mikrofalowych sprzedawane w ilo\u015bciach kartonowych podane wymiary i pojemno\u015bci ca\u0142kowite s\u0105 przybli\u017cone pasuje do fili\u017canki 390069 nieregularny kszta\u0142t, wymiary 175&#215;127 mm<\/p>\n","protected":false},"featured_media":13996,"template":"","meta":{"_et_pb_use_builder":"","_et_pb_old_content":"","_et_gb_content_width":""},"pwb-brand":[252],"product_brand":[],"product_cat":[244],"product_tag":[],"class_list":{"0":"post-8641","1":"product","2":"type-product","3":"status-publish","4":"has-post-thumbnail","6":"pwb-brand-lubiana","7":"product_cat-spodki","9":"first","10":"instock","11":"taxable","12":"shipping-taxable","13":"purchasable","14":"product-type-simple"},"brands":[{"id":252,"name":"Lubiana","slug":"lubiana"}],"_links":{"self":[{"href":"https:\/\/www.multifrigo.pl\/sklep\/wp-json\/wp\/v2\/product\/8641","targetHints":{"allow":["GET"]}}],"collection":[{"href":"https:\/\/www.multifrigo.pl\/sklep\/wp-json\/wp\/v2\/product"}],"about":[{"href":"https:\/\/www.multifrigo.pl\/sklep\/wp-json\/wp\/v2\/types\/product"}],"wp:featuredmedia":[{"embeddable":true,"href":"https:\/\/www.multifrigo.pl\/sklep\/wp-json\/wp\/v2\/media\/13996"}],"wp:attachment":[{"href":"https:\/\/www.multifrigo.pl\/sklep\/wp-json\/wp\/v2\/media?parent=8641"}],"wp:term":[{"taxonomy":"pwb-brand","embeddable":true,"href":"https:\/\/www.multifrigo.pl\/sklep\/wp-json\/wp\/v2\/pwb-brand?post=8641"},{"taxonomy":"product_brand","embeddable":true,"href":"https:\/\/www.multifrigo.pl\/sklep\/wp-json\/wp\/v2\/product_brand?post=8641"},{"taxonomy":"product_cat","embeddable":true,"href":"https:\/\/www.multifrigo.pl\/sklep\/wp-json\/wp\/v2\/product_cat?post=8641"},{"taxonomy":"product_tag","embeddable":true,"href":"https:\/\/www.multifrigo.pl\/sklep\/wp-json\/wp\/v2\/product_tag?post=8641"}],"curies":[{"name":"wp","href":"https:\/\/api.w.org\/{rel}","templated":true}]}}