{"id":8695,"date":"2024-07-03T12:54:23","date_gmt":"2024-07-03T12:54:23","guid":{"rendered":"https:\/\/multifrigo.pl\/sklep\/produkt\/salaterka-kolor-czarny-marrakesz-o-150-mm-lubiana-390130\/"},"modified":"2025-05-19T11:24:41","modified_gmt":"2025-05-19T11:24:41","slug":"salaterka-kolor-czarny-marrakesz-o-150-mm-lubiana-390130","status":"publish","type":"product","link":"https:\/\/www.multifrigo.pl\/sklep\/produkt\/salaterka-kolor-czarny-marrakesz-o-150-mm-lubiana-390130\/","title":{"rendered":"Salaterka, kolor czarny, Marrakesz, \u00f8 150 mm | Lubiana 390130"},"content":{"rendered":"<p><LI>mo\u017cna my\u0107 w zmywarce i u\u017cywa\u0107 w kuchenkach mikrofalowych  <LI>sprzedawane w ilo\u015bciach kartonowych  <LI>podane wymiary i pojemno\u015bci ca\u0142kowite s\u0105 przybli\u017cone  <LI>nowoczesny design wzorowany na maroka\u0144skiej koniczynie  <\/p>\n","protected":false},"excerpt":{"rendered":"<p>mo\u017cna my\u0107 w zmywarce i u\u017cywa\u0107 w kuchenkach mikrofalowych sprzedawane w ilo\u015bciach kartonowych podane wymiary i pojemno\u015bci ca\u0142kowite s\u0105 przybli\u017cone nowoczesny design wzorowany na maroka\u0144skiej koniczynie<\/p>\n","protected":false},"featured_media":14051,"template":"","meta":{"_et_pb_use_builder":"","_et_pb_old_content":"","_et_gb_content_width":""},"pwb-brand":[252],"product_brand":[],"product_cat":[240],"product_tag":[],"class_list":{"0":"post-8695","1":"product","2":"type-product","3":"status-publish","4":"has-post-thumbnail","6":"pwb-brand-lubiana","7":"product_cat-salaterki","9":"first","10":"instock","11":"taxable","12":"shipping-taxable","13":"purchasable","14":"product-type-simple"},"brands":[{"id":252,"name":"Lubiana","slug":"lubiana"}],"_links":{"self":[{"href":"https:\/\/www.multifrigo.pl\/sklep\/wp-json\/wp\/v2\/product\/8695","targetHints":{"allow":["GET"]}}],"collection":[{"href":"https:\/\/www.multifrigo.pl\/sklep\/wp-json\/wp\/v2\/product"}],"about":[{"href":"https:\/\/www.multifrigo.pl\/sklep\/wp-json\/wp\/v2\/types\/product"}],"wp:featuredmedia":[{"embeddable":true,"href":"https:\/\/www.multifrigo.pl\/sklep\/wp-json\/wp\/v2\/media\/14051"}],"wp:attachment":[{"href":"https:\/\/www.multifrigo.pl\/sklep\/wp-json\/wp\/v2\/media?parent=8695"}],"wp:term":[{"taxonomy":"pwb-brand","embeddable":true,"href":"https:\/\/www.multifrigo.pl\/sklep\/wp-json\/wp\/v2\/pwb-brand?post=8695"},{"taxonomy":"product_brand","embeddable":true,"href":"https:\/\/www.multifrigo.pl\/sklep\/wp-json\/wp\/v2\/product_brand?post=8695"},{"taxonomy":"product_cat","embeddable":true,"href":"https:\/\/www.multifrigo.pl\/sklep\/wp-json\/wp\/v2\/product_cat?post=8695"},{"taxonomy":"product_tag","embeddable":true,"href":"https:\/\/www.multifrigo.pl\/sklep\/wp-json\/wp\/v2\/product_tag?post=8695"}],"curies":[{"name":"wp","href":"https:\/\/api.w.org\/{rel}","templated":true}]}}