{"id":8728,"date":"2024-07-03T12:54:31","date_gmt":"2024-07-03T12:54:31","guid":{"rendered":"https:\/\/multifrigo.pl\/sklep\/produkt\/polmisek-owalny-kaszub-o-240-mm-lubiana-390223\/"},"modified":"2025-05-19T11:24:57","modified_gmt":"2025-05-19T11:24:57","slug":"polmisek-owalny-kaszub-o-240-mm-lubiana-390223","status":"publish","type":"product","link":"https:\/\/www.multifrigo.pl\/sklep\/produkt\/polmisek-owalny-kaszub-o-240-mm-lubiana-390223\/","title":{"rendered":"P\u00f3\u0142misek owalny, Kaszub, \u00f8 240 mm | Lubiana 390223"},"content":{"rendered":"<p><LI>porcelana g\u0142adka, bia\u0142a  <LI>mo\u017cna my\u0107 w zmywarce i u\u017cywa\u0107 w kuchenkach mikrofalowych  <LI>sprzedawane w ilo\u015bciach kartonowych  <\/p>\n","protected":false},"excerpt":{"rendered":"<p>porcelana g\u0142adka, bia\u0142a mo\u017cna my\u0107 w zmywarce i u\u017cywa\u0107 w kuchenkach mikrofalowych sprzedawane w ilo\u015bciach kartonowych<\/p>\n","protected":false},"featured_media":14084,"template":"","meta":{"_et_pb_use_builder":"","_et_pb_old_content":"","_et_gb_content_width":""},"pwb-brand":[252],"product_brand":[],"product_cat":[250],"product_tag":[],"class_list":{"0":"post-8728","1":"product","2":"type-product","3":"status-publish","4":"has-post-thumbnail","6":"pwb-brand-lubiana","7":"product_cat-polmiski","9":"first","10":"instock","11":"taxable","12":"shipping-taxable","13":"purchasable","14":"product-type-simple"},"brands":[{"id":252,"name":"Lubiana","slug":"lubiana"}],"_links":{"self":[{"href":"https:\/\/www.multifrigo.pl\/sklep\/wp-json\/wp\/v2\/product\/8728","targetHints":{"allow":["GET"]}}],"collection":[{"href":"https:\/\/www.multifrigo.pl\/sklep\/wp-json\/wp\/v2\/product"}],"about":[{"href":"https:\/\/www.multifrigo.pl\/sklep\/wp-json\/wp\/v2\/types\/product"}],"wp:featuredmedia":[{"embeddable":true,"href":"https:\/\/www.multifrigo.pl\/sklep\/wp-json\/wp\/v2\/media\/14084"}],"wp:attachment":[{"href":"https:\/\/www.multifrigo.pl\/sklep\/wp-json\/wp\/v2\/media?parent=8728"}],"wp:term":[{"taxonomy":"pwb-brand","embeddable":true,"href":"https:\/\/www.multifrigo.pl\/sklep\/wp-json\/wp\/v2\/pwb-brand?post=8728"},{"taxonomy":"product_brand","embeddable":true,"href":"https:\/\/www.multifrigo.pl\/sklep\/wp-json\/wp\/v2\/product_brand?post=8728"},{"taxonomy":"product_cat","embeddable":true,"href":"https:\/\/www.multifrigo.pl\/sklep\/wp-json\/wp\/v2\/product_cat?post=8728"},{"taxonomy":"product_tag","embeddable":true,"href":"https:\/\/www.multifrigo.pl\/sklep\/wp-json\/wp\/v2\/product_tag?post=8728"}],"curies":[{"name":"wp","href":"https:\/\/api.w.org\/{rel}","templated":true}]}}