{"id":8776,"date":"2024-07-03T12:54:40","date_gmt":"2024-07-03T12:54:40","guid":{"rendered":"https:\/\/multifrigo.pl\/sklep\/produkt\/kubek-przedszkolny-iii-v-0-3-l-stalgast-395927\/"},"modified":"2025-05-19T11:25:21","modified_gmt":"2025-05-19T11:25:21","slug":"kubek-przedszkolny-iii-v-0-3-l-stalgast-395927","status":"publish","type":"product","link":"https:\/\/www.multifrigo.pl\/sklep\/produkt\/kubek-przedszkolny-iii-v-0-3-l-stalgast-395927\/","title":{"rendered":"Kubek, Przedszkolny III, V 0.3 l | Stalgast 395927"},"content":{"rendered":"<p><LI>wysokiej jako\u015bci komplet naczy\u0144 wykonanych z porcelany specjalnie dla dzieci  <LI>mo\u017cna my\u0107 w zmywarce i u\u017cywa\u0107 w kuchenkach mikrofalowych  <LI>sprzedawane w ilo\u015bciach kartonowych  <LI>cena za sztuk\u0119  <\/p>\n","protected":false},"excerpt":{"rendered":"<p>wysokiej jako\u015bci komplet naczy\u0144 wykonanych z porcelany specjalnie dla dzieci mo\u017cna my\u0107 w zmywarce i u\u017cywa\u0107 w kuchenkach mikrofalowych sprzedawane w ilo\u015bciach kartonowych cena za sztuk\u0119<\/p>\n","protected":false},"featured_media":14135,"template":"","meta":{"_et_pb_use_builder":"","_et_pb_old_content":"","_et_gb_content_width":""},"pwb-brand":[62],"product_brand":[],"product_cat":[241],"product_tag":[],"class_list":{"0":"post-8776","1":"product","2":"type-product","3":"status-publish","4":"has-post-thumbnail","6":"pwb-brand-stalgast","7":"product_cat-kubki","9":"first","10":"instock","11":"taxable","12":"shipping-taxable","13":"purchasable","14":"product-type-simple"},"brands":[{"id":62,"name":"Stalgast","slug":"stalgast"}],"_links":{"self":[{"href":"https:\/\/www.multifrigo.pl\/sklep\/wp-json\/wp\/v2\/product\/8776","targetHints":{"allow":["GET"]}}],"collection":[{"href":"https:\/\/www.multifrigo.pl\/sklep\/wp-json\/wp\/v2\/product"}],"about":[{"href":"https:\/\/www.multifrigo.pl\/sklep\/wp-json\/wp\/v2\/types\/product"}],"wp:featuredmedia":[{"embeddable":true,"href":"https:\/\/www.multifrigo.pl\/sklep\/wp-json\/wp\/v2\/media\/14135"}],"wp:attachment":[{"href":"https:\/\/www.multifrigo.pl\/sklep\/wp-json\/wp\/v2\/media?parent=8776"}],"wp:term":[{"taxonomy":"pwb-brand","embeddable":true,"href":"https:\/\/www.multifrigo.pl\/sklep\/wp-json\/wp\/v2\/pwb-brand?post=8776"},{"taxonomy":"product_brand","embeddable":true,"href":"https:\/\/www.multifrigo.pl\/sklep\/wp-json\/wp\/v2\/product_brand?post=8776"},{"taxonomy":"product_cat","embeddable":true,"href":"https:\/\/www.multifrigo.pl\/sklep\/wp-json\/wp\/v2\/product_cat?post=8776"},{"taxonomy":"product_tag","embeddable":true,"href":"https:\/\/www.multifrigo.pl\/sklep\/wp-json\/wp\/v2\/product_tag?post=8776"}],"curies":[{"name":"wp","href":"https:\/\/api.w.org\/{rel}","templated":true}]}}