{"id":8777,"date":"2024-07-03T12:54:41","date_gmt":"2024-07-03T12:54:41","guid":{"rendered":"https:\/\/multifrigo.pl\/sklep\/produkt\/kubek-przedszkolny-ii-v-0-27-l-stalgast-395944\/"},"modified":"2025-05-19T11:25:21","modified_gmt":"2025-05-19T11:25:21","slug":"kubek-przedszkolny-ii-v-0-27-l-stalgast-395944","status":"publish","type":"product","link":"https:\/\/www.multifrigo.pl\/sklep\/produkt\/kubek-przedszkolny-ii-v-0-27-l-stalgast-395944\/","title":{"rendered":"Kubek, Przedszkolny II, V 0.27 l | Stalgast 395944"},"content":{"rendered":"<p><LI>wysokiej jako\u015bci komplet naczy\u0144 zaprojektowany specjalnie dla dzieci  <LI>podane wymiary i pojemno\u015bci ca\u0142kowite s\u0105 przybli\u017cone  <LI>sprzedawane po 6 sztuk  <LI>cena za sztuk\u0119  <LI>dekoracja wtopione w szkliwo  <LI>\u015brednica kubka z uchem ~108 mm  <\/p>\n","protected":false},"excerpt":{"rendered":"<p>wysokiej jako\u015bci komplet naczy\u0144 zaprojektowany specjalnie dla dzieci podane wymiary i pojemno\u015bci ca\u0142kowite s\u0105 przybli\u017cone sprzedawane po 6 sztuk cena za sztuk\u0119 dekoracja wtopione w szkliwo \u015brednica kubka z uchem ~108 mm<\/p>\n","protected":false},"featured_media":14136,"template":"","meta":{"_et_pb_use_builder":"","_et_pb_old_content":"","_et_gb_content_width":""},"pwb-brand":[62],"product_brand":[],"product_cat":[241],"product_tag":[],"class_list":{"0":"post-8777","1":"product","2":"type-product","3":"status-publish","4":"has-post-thumbnail","6":"pwb-brand-stalgast","7":"product_cat-kubki","9":"first","10":"instock","11":"taxable","12":"shipping-taxable","13":"purchasable","14":"product-type-simple"},"brands":[{"id":62,"name":"Stalgast","slug":"stalgast"}],"_links":{"self":[{"href":"https:\/\/www.multifrigo.pl\/sklep\/wp-json\/wp\/v2\/product\/8777","targetHints":{"allow":["GET"]}}],"collection":[{"href":"https:\/\/www.multifrigo.pl\/sklep\/wp-json\/wp\/v2\/product"}],"about":[{"href":"https:\/\/www.multifrigo.pl\/sklep\/wp-json\/wp\/v2\/types\/product"}],"wp:featuredmedia":[{"embeddable":true,"href":"https:\/\/www.multifrigo.pl\/sklep\/wp-json\/wp\/v2\/media\/14136"}],"wp:attachment":[{"href":"https:\/\/www.multifrigo.pl\/sklep\/wp-json\/wp\/v2\/media?parent=8777"}],"wp:term":[{"taxonomy":"pwb-brand","embeddable":true,"href":"https:\/\/www.multifrigo.pl\/sklep\/wp-json\/wp\/v2\/pwb-brand?post=8777"},{"taxonomy":"product_brand","embeddable":true,"href":"https:\/\/www.multifrigo.pl\/sklep\/wp-json\/wp\/v2\/product_brand?post=8777"},{"taxonomy":"product_cat","embeddable":true,"href":"https:\/\/www.multifrigo.pl\/sklep\/wp-json\/wp\/v2\/product_cat?post=8777"},{"taxonomy":"product_tag","embeddable":true,"href":"https:\/\/www.multifrigo.pl\/sklep\/wp-json\/wp\/v2\/product_tag?post=8777"}],"curies":[{"name":"wp","href":"https:\/\/api.w.org\/{rel}","templated":true}]}}