{"id":8779,"date":"2024-07-03T12:54:41","date_gmt":"2024-07-03T12:54:41","guid":{"rendered":"https:\/\/multifrigo.pl\/sklep\/produkt\/talerz-gleboki-przedszkolny-ii-o-220-mm-stalgast-395946\/"},"modified":"2025-05-19T11:25:22","modified_gmt":"2025-05-19T11:25:22","slug":"talerz-gleboki-przedszkolny-ii-o-220-mm-stalgast-395946","status":"publish","type":"product","link":"https:\/\/www.multifrigo.pl\/sklep\/produkt\/talerz-gleboki-przedszkolny-ii-o-220-mm-stalgast-395946\/","title":{"rendered":"Talerz g\u0142\u0119boki, Przedszkolny II, \u00f8 220 mm | Stalgast 395946"},"content":{"rendered":"<p><LI>wysokiej jako\u015bci komplet naczy\u0144 zaprojektowany specjalnie dla dzieci  <LI>podane wymiary i pojemno\u015bci ca\u0142kowite s\u0105 przybli\u017cone  <LI>sprzedawane po 6 sztuk  <LI>cena za sztuk\u0119  <LI>dekoracja wtopiona w szkliwo  <\/p>\n","protected":false},"excerpt":{"rendered":"<p>wysokiej jako\u015bci komplet naczy\u0144 zaprojektowany specjalnie dla dzieci podane wymiary i pojemno\u015bci ca\u0142kowite s\u0105 przybli\u017cone sprzedawane po 6 sztuk cena za sztuk\u0119 dekoracja wtopiona w szkliwo<\/p>\n","protected":false},"featured_media":14140,"template":"","meta":{"_et_pb_use_builder":"","_et_pb_old_content":"","_et_gb_content_width":""},"pwb-brand":[62],"product_brand":[],"product_cat":[239],"product_tag":[],"class_list":{"0":"post-8779","1":"product","2":"type-product","3":"status-publish","4":"has-post-thumbnail","6":"pwb-brand-stalgast","7":"product_cat-glebokie","9":"first","10":"instock","11":"taxable","12":"shipping-taxable","13":"purchasable","14":"product-type-simple"},"brands":[{"id":62,"name":"Stalgast","slug":"stalgast"}],"_links":{"self":[{"href":"https:\/\/www.multifrigo.pl\/sklep\/wp-json\/wp\/v2\/product\/8779","targetHints":{"allow":["GET"]}}],"collection":[{"href":"https:\/\/www.multifrigo.pl\/sklep\/wp-json\/wp\/v2\/product"}],"about":[{"href":"https:\/\/www.multifrigo.pl\/sklep\/wp-json\/wp\/v2\/types\/product"}],"wp:featuredmedia":[{"embeddable":true,"href":"https:\/\/www.multifrigo.pl\/sklep\/wp-json\/wp\/v2\/media\/14140"}],"wp:attachment":[{"href":"https:\/\/www.multifrigo.pl\/sklep\/wp-json\/wp\/v2\/media?parent=8779"}],"wp:term":[{"taxonomy":"pwb-brand","embeddable":true,"href":"https:\/\/www.multifrigo.pl\/sklep\/wp-json\/wp\/v2\/pwb-brand?post=8779"},{"taxonomy":"product_brand","embeddable":true,"href":"https:\/\/www.multifrigo.pl\/sklep\/wp-json\/wp\/v2\/product_brand?post=8779"},{"taxonomy":"product_cat","embeddable":true,"href":"https:\/\/www.multifrigo.pl\/sklep\/wp-json\/wp\/v2\/product_cat?post=8779"},{"taxonomy":"product_tag","embeddable":true,"href":"https:\/\/www.multifrigo.pl\/sklep\/wp-json\/wp\/v2\/product_tag?post=8779"}],"curies":[{"name":"wp","href":"https:\/\/api.w.org\/{rel}","templated":true}]}}