{"id":8785,"date":"2024-07-03T12:54:43","date_gmt":"2024-07-03T12:54:43","guid":{"rendered":"https:\/\/multifrigo.pl\/sklep\/produkt\/talerz-gleboki-rant-gladki-o-305-mm-stalgast-396104\/"},"modified":"2025-05-19T11:25:23","modified_gmt":"2025-05-19T11:25:23","slug":"talerz-gleboki-rant-gladki-o-305-mm-stalgast-396104","status":"publish","type":"product","link":"https:\/\/www.multifrigo.pl\/sklep\/produkt\/talerz-gleboki-rant-gladki-o-305-mm-stalgast-396104\/","title":{"rendered":"Talerz g\u0142\u0119boki, rant g\u0142adki, \u00f8 305 mm | Stalgast 396104"},"content":{"rendered":"<p><LI>wytrzyma\u0142a pow\u0142oka szkliwa  <LI>podane wymiary s\u0105 przybli\u017cone  <LI>sprzedawane po 1szt.  <LI>szeroko\u015b\u0107 rantu 80 mm  <LI>\u015brednica wewn\u0119trzna 160  <\/p>\n","protected":false},"excerpt":{"rendered":"<p>wytrzyma\u0142a pow\u0142oka szkliwa podane wymiary s\u0105 przybli\u017cone sprzedawane po 1szt. szeroko\u015b\u0107 rantu 80 mm \u015brednica wewn\u0119trzna 160<\/p>\n","protected":false},"featured_media":14151,"template":"","meta":{"_et_pb_use_builder":"","_et_pb_old_content":"","_et_gb_content_width":""},"pwb-brand":[62],"product_brand":[],"product_cat":[239],"product_tag":[],"class_list":{"0":"post-8785","1":"product","2":"type-product","3":"status-publish","4":"has-post-thumbnail","6":"pwb-brand-stalgast","7":"product_cat-glebokie","9":"first","10":"instock","11":"taxable","12":"shipping-taxable","13":"purchasable","14":"product-type-simple"},"brands":[{"id":62,"name":"Stalgast","slug":"stalgast"}],"_links":{"self":[{"href":"https:\/\/www.multifrigo.pl\/sklep\/wp-json\/wp\/v2\/product\/8785","targetHints":{"allow":["GET"]}}],"collection":[{"href":"https:\/\/www.multifrigo.pl\/sklep\/wp-json\/wp\/v2\/product"}],"about":[{"href":"https:\/\/www.multifrigo.pl\/sklep\/wp-json\/wp\/v2\/types\/product"}],"wp:featuredmedia":[{"embeddable":true,"href":"https:\/\/www.multifrigo.pl\/sklep\/wp-json\/wp\/v2\/media\/14151"}],"wp:attachment":[{"href":"https:\/\/www.multifrigo.pl\/sklep\/wp-json\/wp\/v2\/media?parent=8785"}],"wp:term":[{"taxonomy":"pwb-brand","embeddable":true,"href":"https:\/\/www.multifrigo.pl\/sklep\/wp-json\/wp\/v2\/pwb-brand?post=8785"},{"taxonomy":"product_brand","embeddable":true,"href":"https:\/\/www.multifrigo.pl\/sklep\/wp-json\/wp\/v2\/product_brand?post=8785"},{"taxonomy":"product_cat","embeddable":true,"href":"https:\/\/www.multifrigo.pl\/sklep\/wp-json\/wp\/v2\/product_cat?post=8785"},{"taxonomy":"product_tag","embeddable":true,"href":"https:\/\/www.multifrigo.pl\/sklep\/wp-json\/wp\/v2\/product_tag?post=8785"}],"curies":[{"name":"wp","href":"https:\/\/api.w.org\/{rel}","templated":true}]}}