{"id":8811,"date":"2024-07-03T12:54:48","date_gmt":"2024-07-03T12:54:48","guid":{"rendered":"https:\/\/multifrigo.pl\/sklep\/produkt\/kieliszek-do-martini-bistro-v-0190-l-pasabahce-400003\/"},"modified":"2025-05-19T11:25:44","modified_gmt":"2025-05-19T11:25:44","slug":"kieliszek-do-martini-bistro-v-0190-l-pasabahce-400003","status":"publish","type":"product","link":"https:\/\/www.multifrigo.pl\/sklep\/produkt\/kieliszek-do-martini-bistro-v-0190-l-pasabahce-400003\/","title":{"rendered":"Kieliszek do martini, Bistro, V 0,190 l | Pasabahce 400003"},"content":{"rendered":"<p><LI>profesjonalne szk\u0142o dla gastronomii  <LI>wykonane w technologii monoblok, tzn. jednego kawa\u0142ka szk\u0142a  <LI>bezpieczna, zaokr\u0105glona kraw\u0119d\u017a i stopka  <LI>zaprojektowane z my\u015bl\u0105 o cz\u0119stej eksploatacji  <LI>idealne rozwi\u0105zanie do cateringu, sal weselnych, bankietowych i innych  <LI>przystosowane do cz\u0119stego mycia w zmywarce  <LI>sprzedawane w ilo\u015bciach kartonowych  <LI>cena za sztuk\u0119  <LI>podana pojemno\u015b\u0107 jest pojemno\u015bci\u0105 ca\u0142kowit\u0105  <\/p>\n","protected":false},"excerpt":{"rendered":"<p>profesjonalne szk\u0142o dla gastronomii wykonane w technologii monoblok, tzn. jednego kawa\u0142ka szk\u0142a bezpieczna, zaokr\u0105glona kraw\u0119d\u017a i stopka zaprojektowane z my\u015bl\u0105 o cz\u0119stej eksploatacji idealne rozwi\u0105zanie do cateringu, sal weselnych, bankietowych i innych przystosowane do cz\u0119stego mycia w zmywarce sprzedawane w ilo\u015bciach kartonowych cena za sztuk\u0119 podana pojemno\u015b\u0107 jest pojemno\u015bci\u0105 ca\u0142kowit\u0105<\/p>\n","protected":false},"featured_media":14189,"template":"","meta":{"_et_pb_use_builder":"","_et_pb_old_content":"","_et_gb_content_width":""},"pwb-brand":[266],"product_brand":[],"product_cat":[257],"product_tag":[],"class_list":{"0":"post-8811","1":"product","2":"type-product","3":"status-publish","4":"has-post-thumbnail","6":"pwb-brand-pasabahce","7":"product_cat-do-drinkow","9":"first","10":"instock","11":"taxable","12":"shipping-taxable","13":"purchasable","14":"product-type-simple"},"brands":[{"id":266,"name":"Pasabahce","slug":"pasabahce"}],"_links":{"self":[{"href":"https:\/\/www.multifrigo.pl\/sklep\/wp-json\/wp\/v2\/product\/8811","targetHints":{"allow":["GET"]}}],"collection":[{"href":"https:\/\/www.multifrigo.pl\/sklep\/wp-json\/wp\/v2\/product"}],"about":[{"href":"https:\/\/www.multifrigo.pl\/sklep\/wp-json\/wp\/v2\/types\/product"}],"wp:featuredmedia":[{"embeddable":true,"href":"https:\/\/www.multifrigo.pl\/sklep\/wp-json\/wp\/v2\/media\/14189"}],"wp:attachment":[{"href":"https:\/\/www.multifrigo.pl\/sklep\/wp-json\/wp\/v2\/media?parent=8811"}],"wp:term":[{"taxonomy":"pwb-brand","embeddable":true,"href":"https:\/\/www.multifrigo.pl\/sklep\/wp-json\/wp\/v2\/pwb-brand?post=8811"},{"taxonomy":"product_brand","embeddable":true,"href":"https:\/\/www.multifrigo.pl\/sklep\/wp-json\/wp\/v2\/product_brand?post=8811"},{"taxonomy":"product_cat","embeddable":true,"href":"https:\/\/www.multifrigo.pl\/sklep\/wp-json\/wp\/v2\/product_cat?post=8811"},{"taxonomy":"product_tag","embeddable":true,"href":"https:\/\/www.multifrigo.pl\/sklep\/wp-json\/wp\/v2\/product_tag?post=8811"}],"curies":[{"name":"wp","href":"https:\/\/api.w.org\/{rel}","templated":true}]}}